{"id":380,"date":"2022-06-09T09:21:54","date_gmt":"2022-06-09T09:21:54","guid":{"rendered":"https:\/\/nicktesting.kinsta.cloud\/shopdiko1\/?post_type=product&#038;p=380"},"modified":"2026-01-20T20:37:31","modified_gmt":"2026-01-20T20:37:31","slug":"significant-other-faux-leather-dress","status":"publish","type":"product","link":"https:\/\/quintadolouroreal.com\/en\/product\/significant-other-faux-leather-dress\/","title":{"rendered":"Visit Quinta Louro Real"},"content":{"rendered":"","protected":false},"excerpt":{"rendered":"<p>Experience at Quinta Louro Real<\/p>\n<p>Discover the essence of Azorean rural life in an immersive visit to Quinta Louro Real, on the stunning Terceira Island, Azores. During 2 and a half hours, you will be part of the daily life on our farm, getting up close to our animals and exploring the cultivation of Gr\u00e3o de Lava coffee, one of the few European coffees grown in volcanic soil.<\/p>\n<p>O que esperar da visita?<\/p>\n<p>Vida na Quinta:<br \/>\n\u2714 Milking the cows \u2013 participate in this tradition<br \/>\n\u2714 Feeding the calves \u2013 an interactive and charming experience<br \/>\n\u2714 Farm tour to meet other animals and feel the energy of the countryside<\/p>\n<p>Do cafezal \u00e0 Ch\u00e1vena:<br \/>\n\u2714 Visit to the coffee plantation, where we grow the Caturra Vermelho and Yellow Bourbon varieties<br \/>\n\u2714 Explanation of the Washed Bean process, from harvesting to roasting<br \/>\n\u2714 Special tasting of Gr\u00e3o de Lava, our volcanic-soul coffee<\/p>","protected":false},"featured_media":2389,"template":"","meta":[],"product_brand":[],"product_cat":[56],"product_tag":[74,60,66,92,91,75,73,81,80,70,83,82,88,78,76,64,85,89,59,65,67,87,68,69,35,63,77,62,79,84,61,86,58,90,93],"class_list":{"0":"post-380","1":"product","2":"type-product","3":"status-publish","4":"has-post-thumbnail","6":"product_cat-wps_wgm_giftcard","7":"product_tag-acores","8":"product_tag-acores-autenticos","9":"product_tag-agricultura-sustentavel","10":"product_tag-alimentar-animais-de-quinta","11":"product_tag-alimentar-vitelos","12":"product_tag-azores","13":"product_tag-cafe-acoriano","14":"product_tag-cafe-arabica","15":"product_tag-cafe-artesanal","16":"product_tag-cafe-dos-acores","17":"product_tag-cafe-especialidade","18":"product_tag-cafe-gourmet","19":"product_tag-cafe-ilha-terceira","20":"product_tag-cafe-portugues","21":"product_tag-coffee","22":"product_tag-do-campo-a-chavena","23":"product_tag-experiencia-cafe-dos-acores","24":"product_tag-experiencia-cafe-na-ilha-terceira","25":"product_tag-experiencia-rural","26":"product_tag-experiencia-sensorial","27":"product_tag-familia-grupos","28":"product_tag-ilha-terceira","29":"product_tag-ilha-terceira-experiencias","30":"product_tag-ilha-terceira-turismo","31":"product_tag-luxury","32":"product_tag-origem-vulcanica","33":"product_tag-portuguese-coffee","34":"product_tag-producao-regenerativa","35":"product_tag-produto-regional","36":"product_tag-prova-de-cafe-dos-acores","37":"product_tag-turismo-de-natureza","38":"product_tag-turismo-ilha-terceira","39":"product_tag-visita-a-quinta","40":"product_tag-visita-a-quinta-ilha-terceira","41":"product_tag-visita-quinta","43":"first","44":"onbackorder","45":"virtual","46":"purchasable","47":"product-type-wgm_gift_card"},"yoast_head":"<!-- This site is optimized with the Yoast SEO plugin v25.7 - https:\/\/yoast.com\/wordpress\/plugins\/seo\/ -->\n<title>Visita Quinta Louro Real - quintadolouroreal.com<\/title>\n<meta name=\"robots\" content=\"index, follow, max-snippet:-1, max-image-preview:large, max-video-preview:-1\" \/>\n<link rel=\"canonical\" href=\"https:\/\/quintadolouroreal.com\/en\/product\/significant-other-faux-leather-dress\/\" \/>\n<meta property=\"og:locale\" content=\"en_US\" \/>\n<meta property=\"og:type\" content=\"article\" \/>\n<meta property=\"og:title\" content=\"Visita Quinta Louro Real - quintadolouroreal.com\" \/>\n<meta property=\"og:description\" content=\"Experi\u00eancia na Quinta Louro Real \u2013  Descubra a ess\u00eancia da vida rural a\u00e7oriana em uma visita imersiva \u00e0 Quinta Louro Real, na deslumbrante Ilha Terceira, A\u00e7ores. Durante 2 horas e meia, voc\u00ea far\u00e1 parte do dia a dia da nossa quinta, conhecendo de perto os nossos animais e explorando o cultivo do caf\u00e9 Gr\u00e3o de Lava, um dos poucos caf\u00e9s europeus, plantado em solo vulc\u00e2nico.  O que esperar da visita?  Vida na Quinta: \u2714 Ordenha das vacas \u2013 participe nessa tradi\u00e7\u00e3o \u2714 Alimenta\u00e7\u00e3o dos vitelos \u2013 uma experi\u00eancia interativa e encantadora \u2714 Passeio pela quinta para conhecer outros animais e sentir a energia do campo  Do cafezal \u00e0 Ch\u00e1vena: \u2714 Visita ao cafezal, onde cultivamos as variedades Caturra Vermelho e Yellow Bourbon \u2714 Explica\u00e7\u00e3o sobre o processo de Gr\u00e3o Lavado, da colheita \u00e0 torra \u2714 Degusta\u00e7\u00e3o especial do Gr\u00e3o de Lava, nosso caf\u00e9 de\u00a0alma\u00a0vulc\u00e2nica\" \/>\n<meta property=\"og:url\" content=\"https:\/\/quintadolouroreal.com\/en\/product\/significant-other-faux-leather-dress\/\" \/>\n<meta property=\"og:site_name\" content=\"quintadolouroreal.com\" \/>\n<meta property=\"article:publisher\" content=\"https:\/\/www.facebook.com\/profile.php?id=61553635694507\" \/>\n<meta property=\"article:modified_time\" content=\"2026-01-20T20:37:31+00:00\" \/>\n<meta property=\"og:image\" content=\"https:\/\/quintadolouroreal.com\/wp-content\/uploads\/2022\/06\/Img_Exposicao.jpg\" \/>\n\t<meta property=\"og:image:width\" content=\"1280\" \/>\n\t<meta property=\"og:image:height\" content=\"1600\" \/>\n\t<meta property=\"og:image:type\" content=\"image\/jpeg\" \/>\n<meta name=\"twitter:card\" content=\"summary_large_image\" \/>\n<meta name=\"twitter:label1\" content=\"Est. reading time\" \/>\n\t<meta name=\"twitter:data1\" content=\"1 minute\" \/>\n<script type=\"application\/ld+json\" class=\"yoast-schema-graph\">{\"@context\":\"https:\/\/schema.org\",\"@graph\":[{\"@type\":\"WebPage\",\"@id\":\"https:\/\/quintadolouroreal.com\/product\/significant-other-faux-leather-dress\/\",\"url\":\"https:\/\/quintadolouroreal.com\/product\/significant-other-faux-leather-dress\/\",\"name\":\"Visita Quinta Louro Real - quintadolouroreal.com\",\"isPartOf\":{\"@id\":\"https:\/\/quintadolouroreal.com\/#website\"},\"primaryImageOfPage\":{\"@id\":\"https:\/\/quintadolouroreal.com\/product\/significant-other-faux-leather-dress\/#primaryimage\"},\"image\":{\"@id\":\"https:\/\/quintadolouroreal.com\/product\/significant-other-faux-leather-dress\/#primaryimage\"},\"thumbnailUrl\":\"https:\/\/quintadolouroreal.com\/wp-content\/uploads\/2022\/06\/Img_Exposicao.jpg\",\"datePublished\":\"2022-06-09T09:21:54+00:00\",\"dateModified\":\"2026-01-20T20:37:31+00:00\",\"breadcrumb\":{\"@id\":\"https:\/\/quintadolouroreal.com\/product\/significant-other-faux-leather-dress\/#breadcrumb\"},\"inLanguage\":\"en-US\",\"potentialAction\":[{\"@type\":\"ReadAction\",\"target\":[\"https:\/\/quintadolouroreal.com\/product\/significant-other-faux-leather-dress\/\"]}]},{\"@type\":\"ImageObject\",\"inLanguage\":\"en-US\",\"@id\":\"https:\/\/quintadolouroreal.com\/product\/significant-other-faux-leather-dress\/#primaryimage\",\"url\":\"https:\/\/quintadolouroreal.com\/wp-content\/uploads\/2022\/06\/Img_Exposicao.jpg\",\"contentUrl\":\"https:\/\/quintadolouroreal.com\/wp-content\/uploads\/2022\/06\/Img_Exposicao.jpg\",\"width\":1280,\"height\":1600},{\"@type\":\"BreadcrumbList\",\"@id\":\"https:\/\/quintadolouroreal.com\/product\/significant-other-faux-leather-dress\/#breadcrumb\",\"itemListElement\":[{\"@type\":\"ListItem\",\"position\":1,\"name\":\"In\u00edcio\",\"item\":\"https:\/\/quintadolouroreal.com\/\"},{\"@type\":\"ListItem\",\"position\":2,\"name\":\"Loja\",\"item\":\"https:\/\/quintadolouroreal.com\/shop\/\"},{\"@type\":\"ListItem\",\"position\":3,\"name\":\"Visita Quinta Louro Real\"}]},{\"@type\":\"WebSite\",\"@id\":\"https:\/\/quintadolouroreal.com\/#website\",\"url\":\"https:\/\/quintadolouroreal.com\/\",\"name\":\"quintadolouroreal.com\",\"description\":\"Onde a natureza n\u00e3o se apressa\",\"publisher\":{\"@id\":\"https:\/\/quintadolouroreal.com\/#organization\"},\"alternateName\":\"Quinta do Louro Real\",\"potentialAction\":[{\"@type\":\"SearchAction\",\"target\":{\"@type\":\"EntryPoint\",\"urlTemplate\":\"https:\/\/quintadolouroreal.com\/?s={search_term_string}\"},\"query-input\":{\"@type\":\"PropertyValueSpecification\",\"valueRequired\":true,\"valueName\":\"search_term_string\"}}],\"inLanguage\":\"en-US\"},{\"@type\":\"Organization\",\"@id\":\"https:\/\/quintadolouroreal.com\/#organization\",\"name\":\"Quinta do Louro Real\",\"url\":\"https:\/\/quintadolouroreal.com\/\",\"logo\":{\"@type\":\"ImageObject\",\"inLanguage\":\"en-US\",\"@id\":\"https:\/\/quintadolouroreal.com\/#\/schema\/logo\/image\/\",\"url\":\"https:\/\/quintadolouroreal.com\/wp-content\/uploads\/2025\/03\/QuintaLouroReal.png\",\"contentUrl\":\"https:\/\/quintadolouroreal.com\/wp-content\/uploads\/2025\/03\/QuintaLouroReal.png\",\"width\":515,\"height\":512,\"caption\":\"Quinta do Louro Real\"},\"image\":{\"@id\":\"https:\/\/quintadolouroreal.com\/#\/schema\/logo\/image\/\"},\"sameAs\":[\"https:\/\/www.facebook.com\/profile.php?id=61553635694507\",\"https:\/\/www.instagram.com\/quintadolouroreal\/\"]}]}<\/script>\n<!-- \/ Yoast SEO plugin. -->","yoast_head_json":{"title":"Visita Quinta Louro Real - quintadolouroreal.com","robots":{"index":"index","follow":"follow","max-snippet":"max-snippet:-1","max-image-preview":"max-image-preview:large","max-video-preview":"max-video-preview:-1"},"canonical":"https:\/\/quintadolouroreal.com\/en\/product\/significant-other-faux-leather-dress\/","og_locale":"en_US","og_type":"article","og_title":"Visita Quinta Louro Real - quintadolouroreal.com","og_description":"Experi\u00eancia na Quinta Louro Real \u2013  Descubra a ess\u00eancia da vida rural a\u00e7oriana em uma visita imersiva \u00e0 Quinta Louro Real, na deslumbrante Ilha Terceira, A\u00e7ores. Durante 2 horas e meia, voc\u00ea far\u00e1 parte do dia a dia da nossa quinta, conhecendo de perto os nossos animais e explorando o cultivo do caf\u00e9 Gr\u00e3o de Lava, um dos poucos caf\u00e9s europeus, plantado em solo vulc\u00e2nico.  O que esperar da visita?  Vida na Quinta: \u2714 Ordenha das vacas \u2013 participe nessa tradi\u00e7\u00e3o \u2714 Alimenta\u00e7\u00e3o dos vitelos \u2013 uma experi\u00eancia interativa e encantadora \u2714 Passeio pela quinta para conhecer outros animais e sentir a energia do campo  Do cafezal \u00e0 Ch\u00e1vena: \u2714 Visita ao cafezal, onde cultivamos as variedades Caturra Vermelho e Yellow Bourbon \u2714 Explica\u00e7\u00e3o sobre o processo de Gr\u00e3o Lavado, da colheita \u00e0 torra \u2714 Degusta\u00e7\u00e3o especial do Gr\u00e3o de Lava, nosso caf\u00e9 de\u00a0alma\u00a0vulc\u00e2nica","og_url":"https:\/\/quintadolouroreal.com\/en\/product\/significant-other-faux-leather-dress\/","og_site_name":"quintadolouroreal.com","article_publisher":"https:\/\/www.facebook.com\/profile.php?id=61553635694507","article_modified_time":"2026-01-20T20:37:31+00:00","og_image":[{"width":1280,"height":1600,"url":"https:\/\/quintadolouroreal.com\/wp-content\/uploads\/2022\/06\/Img_Exposicao.jpg","type":"image\/jpeg"}],"twitter_card":"summary_large_image","twitter_misc":{"Est. reading time":"1 minute"},"schema":{"@context":"https:\/\/schema.org","@graph":[{"@type":"WebPage","@id":"https:\/\/quintadolouroreal.com\/product\/significant-other-faux-leather-dress\/","url":"https:\/\/quintadolouroreal.com\/product\/significant-other-faux-leather-dress\/","name":"Visita Quinta Louro Real - quintadolouroreal.com","isPartOf":{"@id":"https:\/\/quintadolouroreal.com\/#website"},"primaryImageOfPage":{"@id":"https:\/\/quintadolouroreal.com\/product\/significant-other-faux-leather-dress\/#primaryimage"},"image":{"@id":"https:\/\/quintadolouroreal.com\/product\/significant-other-faux-leather-dress\/#primaryimage"},"thumbnailUrl":"https:\/\/quintadolouroreal.com\/wp-content\/uploads\/2022\/06\/Img_Exposicao.jpg","datePublished":"2022-06-09T09:21:54+00:00","dateModified":"2026-01-20T20:37:31+00:00","breadcrumb":{"@id":"https:\/\/quintadolouroreal.com\/product\/significant-other-faux-leather-dress\/#breadcrumb"},"inLanguage":"en-US","potentialAction":[{"@type":"ReadAction","target":["https:\/\/quintadolouroreal.com\/product\/significant-other-faux-leather-dress\/"]}]},{"@type":"ImageObject","inLanguage":"en-US","@id":"https:\/\/quintadolouroreal.com\/product\/significant-other-faux-leather-dress\/#primaryimage","url":"https:\/\/quintadolouroreal.com\/wp-content\/uploads\/2022\/06\/Img_Exposicao.jpg","contentUrl":"https:\/\/quintadolouroreal.com\/wp-content\/uploads\/2022\/06\/Img_Exposicao.jpg","width":1280,"height":1600},{"@type":"BreadcrumbList","@id":"https:\/\/quintadolouroreal.com\/product\/significant-other-faux-leather-dress\/#breadcrumb","itemListElement":[{"@type":"ListItem","position":1,"name":"In\u00edcio","item":"https:\/\/quintadolouroreal.com\/"},{"@type":"ListItem","position":2,"name":"Loja","item":"https:\/\/quintadolouroreal.com\/shop\/"},{"@type":"ListItem","position":3,"name":"Visita Quinta Louro Real"}]},{"@type":"WebSite","@id":"https:\/\/quintadolouroreal.com\/#website","url":"https:\/\/quintadolouroreal.com\/","name":"quintadolouroreal.com","description":"Onde a natureza n\u00e3o se apressa","publisher":{"@id":"https:\/\/quintadolouroreal.com\/#organization"},"alternateName":"Quinta do Louro Real","potentialAction":[{"@type":"SearchAction","target":{"@type":"EntryPoint","urlTemplate":"https:\/\/quintadolouroreal.com\/?s={search_term_string}"},"query-input":{"@type":"PropertyValueSpecification","valueRequired":true,"valueName":"search_term_string"}}],"inLanguage":"en-US"},{"@type":"Organization","@id":"https:\/\/quintadolouroreal.com\/#organization","name":"Quinta do Louro Real","url":"https:\/\/quintadolouroreal.com\/","logo":{"@type":"ImageObject","inLanguage":"en-US","@id":"https:\/\/quintadolouroreal.com\/#\/schema\/logo\/image\/","url":"https:\/\/quintadolouroreal.com\/wp-content\/uploads\/2025\/03\/QuintaLouroReal.png","contentUrl":"https:\/\/quintadolouroreal.com\/wp-content\/uploads\/2025\/03\/QuintaLouroReal.png","width":515,"height":512,"caption":"Quinta do Louro Real"},"image":{"@id":"https:\/\/quintadolouroreal.com\/#\/schema\/logo\/image\/"},"sameAs":["https:\/\/www.facebook.com\/profile.php?id=61553635694507","https:\/\/www.instagram.com\/quintadolouroreal\/"]}]}},"jetpack_sharing_enabled":true,"_links":{"self":[{"href":"https:\/\/quintadolouroreal.com\/en\/wp-json\/wp\/v2\/product\/380","targetHints":{"allow":["GET"]}}],"collection":[{"href":"https:\/\/quintadolouroreal.com\/en\/wp-json\/wp\/v2\/product"}],"about":[{"href":"https:\/\/quintadolouroreal.com\/en\/wp-json\/wp\/v2\/types\/product"}],"wp:featuredmedia":[{"embeddable":true,"href":"https:\/\/quintadolouroreal.com\/en\/wp-json\/wp\/v2\/media\/2389"}],"wp:attachment":[{"href":"https:\/\/quintadolouroreal.com\/en\/wp-json\/wp\/v2\/media?parent=380"}],"wp:term":[{"taxonomy":"product_brand","embeddable":true,"href":"https:\/\/quintadolouroreal.com\/en\/wp-json\/wp\/v2\/product_brand?post=380"},{"taxonomy":"product_cat","embeddable":true,"href":"https:\/\/quintadolouroreal.com\/en\/wp-json\/wp\/v2\/product_cat?post=380"},{"taxonomy":"product_tag","embeddable":true,"href":"https:\/\/quintadolouroreal.com\/en\/wp-json\/wp\/v2\/product_tag?post=380"}],"curies":[{"name":"wp","href":"https:\/\/api.w.org\/{rel}","templated":true}]}}