{"id":2554,"date":"2026-01-20T20:30:34","date_gmt":"2026-01-20T20:30:34","guid":{"rendered":"https:\/\/quintadolouroreal.com\/?post_type=product&#038;p=2554"},"modified":"2026-01-26T23:09:38","modified_gmt":"2026-01-26T23:09:38","slug":"grao-de-lava-yellow-bourbon","status":"publish","type":"product","link":"https:\/\/quintadolouroreal.com\/en\/product\/grao-de-lava-yellow-bourbon\/","title":{"rendered":"Gr\u00e3o de Lava \u2014 Yellow Bourbon 150g"},"content":{"rendered":"<p>Light, sweetness and balance<br \/>\nThis Yellow Bourbon is presented in shades of yellow, on a bed of straw, reflecting full ripeness, artisanal care, and a connection to the earth. Visually luminous, sensorially delicate.<br \/>\nIn tasting, it stands out for its floral and fruity notes, with an extremely harmonious profile. The natural sweetness envelops the cup, balanced by a smooth and elegant acidity, resulting in a silky, well-rounded, and very easy-to-enjoy coffee\u2014without losing its complexity.<\/p>","protected":false},"excerpt":{"rendered":"<h2><strong>Light, sweetness and balance<\/strong><\/h2>\n<p>This Yellow Bourbon is presented in shades of yellow, on a bed of straw, reflecting full ripeness, artisanal care, and a connection to the earth. Visually luminous, sensorially delicate.<br \/>\nIn tasting, it stands out for its floral and fruity notes, with an extremely harmonious profile. The natural sweetness envelops the cup, balanced by a smooth and elegant acidity, resulting in a silky, well-rounded, and very easy-to-enjoy coffee\u2014without losing its complexity.<\/p>","protected":false},"featured_media":2552,"template":"","meta":[],"product_brand":[],"product_cat":[15,71],"product_tag":[112,73,81,80,70,83,82,88,78,76,110,77,111,105,109,108],"class_list":{"0":"post-2554","1":"product","2":"type-product","3":"status-publish","4":"has-post-thumbnail","6":"product_cat-uncategorized","7":"product_cat-coffee","8":"product_tag-artisan-coffee","9":"product_tag-cafe-acoriano","10":"product_tag-cafe-arabica","11":"product_tag-cafe-artesanal","12":"product_tag-cafe-dos-acores","13":"product_tag-cafe-especialidade","14":"product_tag-cafe-gourmet","15":"product_tag-cafe-ilha-terceira","16":"product_tag-cafe-portugues","17":"product_tag-coffee","18":"product_tag-floral-notes","19":"product_tag-portuguese-coffee","20":"product_tag-smooth-coffee","21":"product_tag-specialty-coffee","22":"product_tag-sweet-coffee","23":"product_tag-yellow-bourbon","25":"first","26":"instock","27":"taxable","28":"shipping-taxable","29":"purchasable","30":"product-type-variable"},"yoast_head":"<!-- This site is optimized with the Yoast SEO plugin v25.7 - https:\/\/yoast.com\/wordpress\/plugins\/seo\/ -->\n<title>Gr\u00e3o de Lava \u2014 Yellow Bourbon 150g - quintadolouroreal.com<\/title>\n<meta name=\"description\" content=\"Este Yellow Bourbon \u00e9 apresentado em tons de amarelo, sobre uma cama de palha, refletindo matura\u00e7\u00e3o plena, cuidado artesanal e liga\u00e7\u00e3o \u00e0 terra. Visualmente luminoso, sensorialmente delicado.Na prova, destaca-se pelas notas florais e frutadas, com um perfil extremamente harmonioso. A do\u00e7ura natural envolve a ch\u00e1vena, equilibrada por uma acidez suave e elegante, resultando num caf\u00e9 sedoso, redondo e muito f\u00e1cil de gostar \u2014 sem perder complexidade.\" \/>\n<meta name=\"robots\" content=\"index, follow, max-snippet:-1, max-image-preview:large, max-video-preview:-1\" \/>\n<link rel=\"canonical\" href=\"https:\/\/quintadolouroreal.com\/en\/product\/grao-de-lava-yellow-bourbon\/\" \/>\n<meta property=\"og:locale\" content=\"en_US\" \/>\n<meta property=\"og:type\" content=\"article\" \/>\n<meta property=\"og:title\" content=\"Gr\u00e3o de Lava \u2014 Yellow Bourbon 150g - quintadolouroreal.com\" \/>\n<meta property=\"og:description\" content=\"Este Yellow Bourbon \u00e9 apresentado em tons de amarelo, sobre uma cama de palha, refletindo matura\u00e7\u00e3o plena, cuidado artesanal e liga\u00e7\u00e3o \u00e0 terra. Visualmente luminoso, sensorialmente delicado.Na prova, destaca-se pelas notas florais e frutadas, com um perfil extremamente harmonioso. A do\u00e7ura natural envolve a ch\u00e1vena, equilibrada por uma acidez suave e elegante, resultando num caf\u00e9 sedoso, redondo e muito f\u00e1cil de gostar \u2014 sem perder complexidade.\" \/>\n<meta property=\"og:url\" content=\"https:\/\/quintadolouroreal.com\/en\/product\/grao-de-lava-yellow-bourbon\/\" \/>\n<meta property=\"og:site_name\" content=\"quintadolouroreal.com\" \/>\n<meta property=\"article:publisher\" content=\"https:\/\/www.facebook.com\/profile.php?id=61553635694507\" \/>\n<meta property=\"article:modified_time\" content=\"2026-01-26T23:09:38+00:00\" \/>\n<meta property=\"og:image\" content=\"https:\/\/quintadolouroreal.com\/wp-content\/uploads\/2026\/01\/IMG_1101.jpg\" \/>\n\t<meta property=\"og:image:width\" content=\"768\" \/>\n\t<meta property=\"og:image:height\" content=\"1024\" \/>\n\t<meta property=\"og:image:type\" content=\"image\/jpeg\" \/>\n<meta name=\"twitter:card\" content=\"summary_large_image\" \/>\n<meta name=\"twitter:label1\" content=\"Est. reading time\" \/>\n\t<meta name=\"twitter:data1\" content=\"1 minute\" \/>\n<script type=\"application\/ld+json\" class=\"yoast-schema-graph\">{\"@context\":\"https:\/\/schema.org\",\"@graph\":[{\"@type\":\"WebPage\",\"@id\":\"https:\/\/quintadolouroreal.com\/product\/grao-de-lava-yellow-bourbon\/\",\"url\":\"https:\/\/quintadolouroreal.com\/product\/grao-de-lava-yellow-bourbon\/\",\"name\":\"Gr\u00e3o de Lava \u2014 Yellow Bourbon 150g - quintadolouroreal.com\",\"isPartOf\":{\"@id\":\"https:\/\/quintadolouroreal.com\/#website\"},\"primaryImageOfPage\":{\"@id\":\"https:\/\/quintadolouroreal.com\/product\/grao-de-lava-yellow-bourbon\/#primaryimage\"},\"image\":{\"@id\":\"https:\/\/quintadolouroreal.com\/product\/grao-de-lava-yellow-bourbon\/#primaryimage\"},\"thumbnailUrl\":\"https:\/\/quintadolouroreal.com\/wp-content\/uploads\/2026\/01\/IMG_1101.jpg\",\"datePublished\":\"2026-01-20T20:30:34+00:00\",\"dateModified\":\"2026-01-26T23:09:38+00:00\",\"description\":\"Este Yellow Bourbon \u00e9 apresentado em tons de amarelo, sobre uma cama de palha, refletindo matura\u00e7\u00e3o plena, cuidado artesanal e liga\u00e7\u00e3o \u00e0 terra. Visualmente luminoso, sensorialmente delicado.Na prova, destaca-se pelas notas florais e frutadas, com um perfil extremamente harmonioso. A do\u00e7ura natural envolve a ch\u00e1vena, equilibrada por uma acidez suave e elegante, resultando num caf\u00e9 sedoso, redondo e muito f\u00e1cil de gostar \u2014 sem perder complexidade.\",\"breadcrumb\":{\"@id\":\"https:\/\/quintadolouroreal.com\/product\/grao-de-lava-yellow-bourbon\/#breadcrumb\"},\"inLanguage\":\"en-US\",\"potentialAction\":[{\"@type\":\"ReadAction\",\"target\":[\"https:\/\/quintadolouroreal.com\/product\/grao-de-lava-yellow-bourbon\/\"]}]},{\"@type\":\"ImageObject\",\"inLanguage\":\"en-US\",\"@id\":\"https:\/\/quintadolouroreal.com\/product\/grao-de-lava-yellow-bourbon\/#primaryimage\",\"url\":\"https:\/\/quintadolouroreal.com\/wp-content\/uploads\/2026\/01\/IMG_1101.jpg\",\"contentUrl\":\"https:\/\/quintadolouroreal.com\/wp-content\/uploads\/2026\/01\/IMG_1101.jpg\",\"width\":768,\"height\":1024,\"caption\":\"On the palate, it stands out for its floral and fruity notes, with an extremely harmonious profile. The natural sweetness envelops the cup, balanced by a smooth and elegant acidity, resulting in a silky, round, and very easy-to-enjoy coffee \u2014 without losing complexity.\"},{\"@type\":\"BreadcrumbList\",\"@id\":\"https:\/\/quintadolouroreal.com\/product\/grao-de-lava-yellow-bourbon\/#breadcrumb\",\"itemListElement\":[{\"@type\":\"ListItem\",\"position\":1,\"name\":\"In\u00edcio\",\"item\":\"https:\/\/quintadolouroreal.com\/\"},{\"@type\":\"ListItem\",\"position\":2,\"name\":\"Loja\",\"item\":\"https:\/\/quintadolouroreal.com\/shop\/\"},{\"@type\":\"ListItem\",\"position\":3,\"name\":\"Gr\u00e3o de Lava \u2014 Yellow Bourbon 150g\"}]},{\"@type\":\"WebSite\",\"@id\":\"https:\/\/quintadolouroreal.com\/#website\",\"url\":\"https:\/\/quintadolouroreal.com\/\",\"name\":\"quintadolouroreal.com\",\"description\":\"Onde a natureza n\u00e3o se apressa\",\"publisher\":{\"@id\":\"https:\/\/quintadolouroreal.com\/#organization\"},\"alternateName\":\"Quinta do Louro Real\",\"potentialAction\":[{\"@type\":\"SearchAction\",\"target\":{\"@type\":\"EntryPoint\",\"urlTemplate\":\"https:\/\/quintadolouroreal.com\/?s={search_term_string}\"},\"query-input\":{\"@type\":\"PropertyValueSpecification\",\"valueRequired\":true,\"valueName\":\"search_term_string\"}}],\"inLanguage\":\"en-US\"},{\"@type\":\"Organization\",\"@id\":\"https:\/\/quintadolouroreal.com\/#organization\",\"name\":\"Quinta do Louro Real\",\"url\":\"https:\/\/quintadolouroreal.com\/\",\"logo\":{\"@type\":\"ImageObject\",\"inLanguage\":\"en-US\",\"@id\":\"https:\/\/quintadolouroreal.com\/#\/schema\/logo\/image\/\",\"url\":\"https:\/\/quintadolouroreal.com\/wp-content\/uploads\/2025\/03\/QuintaLouroReal.png\",\"contentUrl\":\"https:\/\/quintadolouroreal.com\/wp-content\/uploads\/2025\/03\/QuintaLouroReal.png\",\"width\":515,\"height\":512,\"caption\":\"Quinta do Louro Real\"},\"image\":{\"@id\":\"https:\/\/quintadolouroreal.com\/#\/schema\/logo\/image\/\"},\"sameAs\":[\"https:\/\/www.facebook.com\/profile.php?id=61553635694507\",\"https:\/\/www.instagram.com\/quintadolouroreal\/\"]}]}<\/script>\n<!-- \/ Yoast SEO plugin. -->","yoast_head_json":{"title":"Gr\u00e3o de Lava \u2014 Yellow Bourbon 150g - quintadolouroreal.com","description":"Este Yellow Bourbon \u00e9 apresentado em tons de amarelo, sobre uma cama de palha, refletindo matura\u00e7\u00e3o plena, cuidado artesanal e liga\u00e7\u00e3o \u00e0 terra. Visualmente luminoso, sensorialmente delicado.Na prova, destaca-se pelas notas florais e frutadas, com um perfil extremamente harmonioso. A do\u00e7ura natural envolve a ch\u00e1vena, equilibrada por uma acidez suave e elegante, resultando num caf\u00e9 sedoso, redondo e muito f\u00e1cil de gostar \u2014 sem perder complexidade.","robots":{"index":"index","follow":"follow","max-snippet":"max-snippet:-1","max-image-preview":"max-image-preview:large","max-video-preview":"max-video-preview:-1"},"canonical":"https:\/\/quintadolouroreal.com\/en\/product\/grao-de-lava-yellow-bourbon\/","og_locale":"en_US","og_type":"article","og_title":"Gr\u00e3o de Lava \u2014 Yellow Bourbon 150g - quintadolouroreal.com","og_description":"Este Yellow Bourbon \u00e9 apresentado em tons de amarelo, sobre uma cama de palha, refletindo matura\u00e7\u00e3o plena, cuidado artesanal e liga\u00e7\u00e3o \u00e0 terra. Visualmente luminoso, sensorialmente delicado.Na prova, destaca-se pelas notas florais e frutadas, com um perfil extremamente harmonioso. A do\u00e7ura natural envolve a ch\u00e1vena, equilibrada por uma acidez suave e elegante, resultando num caf\u00e9 sedoso, redondo e muito f\u00e1cil de gostar \u2014 sem perder complexidade.","og_url":"https:\/\/quintadolouroreal.com\/en\/product\/grao-de-lava-yellow-bourbon\/","og_site_name":"quintadolouroreal.com","article_publisher":"https:\/\/www.facebook.com\/profile.php?id=61553635694507","article_modified_time":"2026-01-26T23:09:38+00:00","og_image":[{"width":768,"height":1024,"url":"https:\/\/quintadolouroreal.com\/wp-content\/uploads\/2026\/01\/IMG_1101.jpg","type":"image\/jpeg"}],"twitter_card":"summary_large_image","twitter_misc":{"Est. reading time":"1 minute"},"schema":{"@context":"https:\/\/schema.org","@graph":[{"@type":"WebPage","@id":"https:\/\/quintadolouroreal.com\/product\/grao-de-lava-yellow-bourbon\/","url":"https:\/\/quintadolouroreal.com\/product\/grao-de-lava-yellow-bourbon\/","name":"Gr\u00e3o de Lava \u2014 Yellow Bourbon 150g - quintadolouroreal.com","isPartOf":{"@id":"https:\/\/quintadolouroreal.com\/#website"},"primaryImageOfPage":{"@id":"https:\/\/quintadolouroreal.com\/product\/grao-de-lava-yellow-bourbon\/#primaryimage"},"image":{"@id":"https:\/\/quintadolouroreal.com\/product\/grao-de-lava-yellow-bourbon\/#primaryimage"},"thumbnailUrl":"https:\/\/quintadolouroreal.com\/wp-content\/uploads\/2026\/01\/IMG_1101.jpg","datePublished":"2026-01-20T20:30:34+00:00","dateModified":"2026-01-26T23:09:38+00:00","description":"Este Yellow Bourbon \u00e9 apresentado em tons de amarelo, sobre uma cama de palha, refletindo matura\u00e7\u00e3o plena, cuidado artesanal e liga\u00e7\u00e3o \u00e0 terra. Visualmente luminoso, sensorialmente delicado.Na prova, destaca-se pelas notas florais e frutadas, com um perfil extremamente harmonioso. A do\u00e7ura natural envolve a ch\u00e1vena, equilibrada por uma acidez suave e elegante, resultando num caf\u00e9 sedoso, redondo e muito f\u00e1cil de gostar \u2014 sem perder complexidade.","breadcrumb":{"@id":"https:\/\/quintadolouroreal.com\/product\/grao-de-lava-yellow-bourbon\/#breadcrumb"},"inLanguage":"en-US","potentialAction":[{"@type":"ReadAction","target":["https:\/\/quintadolouroreal.com\/product\/grao-de-lava-yellow-bourbon\/"]}]},{"@type":"ImageObject","inLanguage":"en-US","@id":"https:\/\/quintadolouroreal.com\/product\/grao-de-lava-yellow-bourbon\/#primaryimage","url":"https:\/\/quintadolouroreal.com\/wp-content\/uploads\/2026\/01\/IMG_1101.jpg","contentUrl":"https:\/\/quintadolouroreal.com\/wp-content\/uploads\/2026\/01\/IMG_1101.jpg","width":768,"height":1024,"caption":"On the palate, it stands out for its floral and fruity notes, with an extremely harmonious profile. The natural sweetness envelops the cup, balanced by a smooth and elegant acidity, resulting in a silky, round, and very easy-to-enjoy coffee \u2014 without losing complexity."},{"@type":"BreadcrumbList","@id":"https:\/\/quintadolouroreal.com\/product\/grao-de-lava-yellow-bourbon\/#breadcrumb","itemListElement":[{"@type":"ListItem","position":1,"name":"In\u00edcio","item":"https:\/\/quintadolouroreal.com\/"},{"@type":"ListItem","position":2,"name":"Loja","item":"https:\/\/quintadolouroreal.com\/shop\/"},{"@type":"ListItem","position":3,"name":"Gr\u00e3o de Lava \u2014 Yellow Bourbon 150g"}]},{"@type":"WebSite","@id":"https:\/\/quintadolouroreal.com\/#website","url":"https:\/\/quintadolouroreal.com\/","name":"quintadolouroreal.com","description":"Onde a natureza n\u00e3o se apressa","publisher":{"@id":"https:\/\/quintadolouroreal.com\/#organization"},"alternateName":"Quinta do Louro Real","potentialAction":[{"@type":"SearchAction","target":{"@type":"EntryPoint","urlTemplate":"https:\/\/quintadolouroreal.com\/?s={search_term_string}"},"query-input":{"@type":"PropertyValueSpecification","valueRequired":true,"valueName":"search_term_string"}}],"inLanguage":"en-US"},{"@type":"Organization","@id":"https:\/\/quintadolouroreal.com\/#organization","name":"Quinta do Louro Real","url":"https:\/\/quintadolouroreal.com\/","logo":{"@type":"ImageObject","inLanguage":"en-US","@id":"https:\/\/quintadolouroreal.com\/#\/schema\/logo\/image\/","url":"https:\/\/quintadolouroreal.com\/wp-content\/uploads\/2025\/03\/QuintaLouroReal.png","contentUrl":"https:\/\/quintadolouroreal.com\/wp-content\/uploads\/2025\/03\/QuintaLouroReal.png","width":515,"height":512,"caption":"Quinta do Louro Real"},"image":{"@id":"https:\/\/quintadolouroreal.com\/#\/schema\/logo\/image\/"},"sameAs":["https:\/\/www.facebook.com\/profile.php?id=61553635694507","https:\/\/www.instagram.com\/quintadolouroreal\/"]}]}},"jetpack_sharing_enabled":true,"_links":{"self":[{"href":"https:\/\/quintadolouroreal.com\/en\/wp-json\/wp\/v2\/product\/2554","targetHints":{"allow":["GET"]}}],"collection":[{"href":"https:\/\/quintadolouroreal.com\/en\/wp-json\/wp\/v2\/product"}],"about":[{"href":"https:\/\/quintadolouroreal.com\/en\/wp-json\/wp\/v2\/types\/product"}],"wp:featuredmedia":[{"embeddable":true,"href":"https:\/\/quintadolouroreal.com\/en\/wp-json\/wp\/v2\/media\/2552"}],"wp:attachment":[{"href":"https:\/\/quintadolouroreal.com\/en\/wp-json\/wp\/v2\/media?parent=2554"}],"wp:term":[{"taxonomy":"product_brand","embeddable":true,"href":"https:\/\/quintadolouroreal.com\/en\/wp-json\/wp\/v2\/product_brand?post=2554"},{"taxonomy":"product_cat","embeddable":true,"href":"https:\/\/quintadolouroreal.com\/en\/wp-json\/wp\/v2\/product_cat?post=2554"},{"taxonomy":"product_tag","embeddable":true,"href":"https:\/\/quintadolouroreal.com\/en\/wp-json\/wp\/v2\/product_tag?post=2554"}],"curies":[{"name":"wp","href":"https:\/\/api.w.org\/{rel}","templated":true}]}}