{"id":2545,"date":"2026-01-20T20:13:41","date_gmt":"2026-01-20T20:13:41","guid":{"rendered":"https:\/\/quintadolouroreal.com\/?post_type=product&#038;p=2545"},"modified":"2026-01-26T23:11:39","modified_gmt":"2026-01-26T23:11:39","slug":"grao-de-lava-acores-blend","status":"publish","type":"product","link":"https:\/\/quintadolouroreal.com\/en\/product\/grao-de-lava-acores-blend\/","title":{"rendered":"Gr\u00e3o de Lava \u2014 A\u00e7ores Blend 150g"},"content":{"rendered":"<p>This blend combines 50% Calopsita and 50% Yellow Bourbon, in a washing process that prioritizes balance. The inspiration comes from the Atlantic Ocean, the sea water, and the basalt rock that shapes the islands.<br \/>\nIn the cup, it presents fruity citrus notes, with a well-integrated sweetness and a balanced, refreshing acidity. A clean, versatile, and elegant coffee \u2014 a perfect reflection of the dialogue between the volcano and the sea.<\/p>","protected":false},"excerpt":{"rendered":"<h2 style=\"text-align: left;\"><strong>The meeting between land and ocean.<\/strong><\/h2>\n<p>This blend combines 50% Calopsita and 50% Yellow Bourbon, in a washing process that prioritizes balance. The inspiration comes from the Atlantic Ocean, the sea water, and the basalt rock that shapes the islands.<br \/>\nIn the cup, it presents fruity citrus notes, with a well-integrated sweetness and a balanced, refreshing acidity. A clean, versatile, and elegant coffee \u2014 a perfect reflection of the dialogue between the volcano and the sea.<\/p>","protected":false},"featured_media":2550,"template":"","meta":[],"product_brand":[],"product_cat":[15,71],"product_tag":[],"class_list":{"0":"post-2545","1":"product","2":"type-product","3":"status-publish","4":"has-post-thumbnail","6":"product_cat-uncategorized","7":"product_cat-coffee","9":"first","10":"instock","11":"taxable","12":"shipping-taxable","13":"purchasable","14":"product-type-variable"},"yoast_head":"<!-- This site is optimized with the Yoast SEO plugin v25.7 - https:\/\/yoast.com\/wordpress\/plugins\/seo\/ -->\n<title>Gr\u00e3o de Lava \u2014 A\u00e7ores Blend 150g - quintadolouroreal.com<\/title>\n<meta name=\"description\" content=\"Este blend re\u00fane 50% Caturra e 50% Yellow Bourbon, num processo lavado que privilegia clareza e equil\u00edbrio. A inspira\u00e7\u00e3o vem do oceano Atl\u00e2ntico, da \u00e1gua do mar e da rocha de basalto que molda as ilhas.Na ch\u00e1vena, apresenta notas frutadas c\u00edtricas, com uma do\u00e7ura bem integrada e uma acidez equilibrada e refrescante. Um caf\u00e9 limpo, vers\u00e1til e elegante \u2014 reflexo perfeito do di\u00e1logo entre o vulc\u00e3o e o mar.\" \/>\n<meta name=\"robots\" content=\"index, follow, max-snippet:-1, max-image-preview:large, max-video-preview:-1\" \/>\n<link rel=\"canonical\" href=\"https:\/\/quintadolouroreal.com\/en\/product\/grao-de-lava-acores-blend\/\" \/>\n<meta property=\"og:locale\" content=\"en_US\" \/>\n<meta property=\"og:type\" content=\"article\" \/>\n<meta property=\"og:title\" content=\"Gr\u00e3o de Lava \u2014 A\u00e7ores Blend 150g - quintadolouroreal.com\" \/>\n<meta property=\"og:description\" content=\"Este blend re\u00fane 50% Caturra e 50% Yellow Bourbon, num processo lavado que privilegia clareza e equil\u00edbrio. A inspira\u00e7\u00e3o vem do oceano Atl\u00e2ntico, da \u00e1gua do mar e da rocha de basalto que molda as ilhas.Na ch\u00e1vena, apresenta notas frutadas c\u00edtricas, com uma do\u00e7ura bem integrada e uma acidez equilibrada e refrescante. Um caf\u00e9 limpo, vers\u00e1til e elegante \u2014 reflexo perfeito do di\u00e1logo entre o vulc\u00e3o e o mar.\" \/>\n<meta property=\"og:url\" content=\"https:\/\/quintadolouroreal.com\/en\/product\/grao-de-lava-acores-blend\/\" \/>\n<meta property=\"og:site_name\" content=\"quintadolouroreal.com\" \/>\n<meta property=\"article:publisher\" content=\"https:\/\/www.facebook.com\/profile.php?id=61553635694507\" \/>\n<meta property=\"article:modified_time\" content=\"2026-01-26T23:11:39+00:00\" \/>\n<meta property=\"og:image\" content=\"https:\/\/quintadolouroreal.com\/wp-content\/uploads\/2026\/01\/IMG_1102.jpg\" \/>\n\t<meta property=\"og:image:width\" content=\"768\" \/>\n\t<meta property=\"og:image:height\" content=\"1024\" \/>\n\t<meta property=\"og:image:type\" content=\"image\/jpeg\" \/>\n<meta name=\"twitter:card\" content=\"summary_large_image\" \/>\n<meta name=\"twitter:label1\" content=\"Est. reading time\" \/>\n\t<meta name=\"twitter:data1\" content=\"1 minute\" \/>\n<script type=\"application\/ld+json\" class=\"yoast-schema-graph\">{\"@context\":\"https:\/\/schema.org\",\"@graph\":[{\"@type\":\"WebPage\",\"@id\":\"https:\/\/quintadolouroreal.com\/product\/grao-de-lava-acores-blend\/\",\"url\":\"https:\/\/quintadolouroreal.com\/product\/grao-de-lava-acores-blend\/\",\"name\":\"Gr\u00e3o de Lava \u2014 A\u00e7ores Blend 150g - quintadolouroreal.com\",\"isPartOf\":{\"@id\":\"https:\/\/quintadolouroreal.com\/#website\"},\"primaryImageOfPage\":{\"@id\":\"https:\/\/quintadolouroreal.com\/product\/grao-de-lava-acores-blend\/#primaryimage\"},\"image\":{\"@id\":\"https:\/\/quintadolouroreal.com\/product\/grao-de-lava-acores-blend\/#primaryimage\"},\"thumbnailUrl\":\"https:\/\/quintadolouroreal.com\/wp-content\/uploads\/2026\/01\/IMG_1102.jpg\",\"datePublished\":\"2026-01-20T20:13:41+00:00\",\"dateModified\":\"2026-01-26T23:11:39+00:00\",\"description\":\"Este blend re\u00fane 50% Caturra e 50% Yellow Bourbon, num processo lavado que privilegia clareza e equil\u00edbrio. A inspira\u00e7\u00e3o vem do oceano Atl\u00e2ntico, da \u00e1gua do mar e da rocha de basalto que molda as ilhas.Na ch\u00e1vena, apresenta notas frutadas c\u00edtricas, com uma do\u00e7ura bem integrada e uma acidez equilibrada e refrescante. Um caf\u00e9 limpo, vers\u00e1til e elegante \u2014 reflexo perfeito do di\u00e1logo entre o vulc\u00e3o e o mar.\",\"breadcrumb\":{\"@id\":\"https:\/\/quintadolouroreal.com\/product\/grao-de-lava-acores-blend\/#breadcrumb\"},\"inLanguage\":\"en-US\",\"potentialAction\":[{\"@type\":\"ReadAction\",\"target\":[\"https:\/\/quintadolouroreal.com\/product\/grao-de-lava-acores-blend\/\"]}]},{\"@type\":\"ImageObject\",\"inLanguage\":\"en-US\",\"@id\":\"https:\/\/quintadolouroreal.com\/product\/grao-de-lava-acores-blend\/#primaryimage\",\"url\":\"https:\/\/quintadolouroreal.com\/wp-content\/uploads\/2026\/01\/IMG_1102.jpg\",\"contentUrl\":\"https:\/\/quintadolouroreal.com\/wp-content\/uploads\/2026\/01\/IMG_1102.jpg\",\"width\":768,\"height\":1024,\"caption\":\"In the cup, it presents fruity citrus notes, with well-integrated sweetness and balanced, refreshing acidity. A clean, versatile, and elegant coffee \u2014 a perfect reflection of the dialogue between the volcano and the sea.\"},{\"@type\":\"BreadcrumbList\",\"@id\":\"https:\/\/quintadolouroreal.com\/product\/grao-de-lava-acores-blend\/#breadcrumb\",\"itemListElement\":[{\"@type\":\"ListItem\",\"position\":1,\"name\":\"In\u00edcio\",\"item\":\"https:\/\/quintadolouroreal.com\/\"},{\"@type\":\"ListItem\",\"position\":2,\"name\":\"Loja\",\"item\":\"https:\/\/quintadolouroreal.com\/shop\/\"},{\"@type\":\"ListItem\",\"position\":3,\"name\":\"Gr\u00e3o de Lava \u2014 A\u00e7ores Blend 150g\"}]},{\"@type\":\"WebSite\",\"@id\":\"https:\/\/quintadolouroreal.com\/#website\",\"url\":\"https:\/\/quintadolouroreal.com\/\",\"name\":\"quintadolouroreal.com\",\"description\":\"Onde a natureza n\u00e3o se apressa\",\"publisher\":{\"@id\":\"https:\/\/quintadolouroreal.com\/#organization\"},\"alternateName\":\"Quinta do Louro Real\",\"potentialAction\":[{\"@type\":\"SearchAction\",\"target\":{\"@type\":\"EntryPoint\",\"urlTemplate\":\"https:\/\/quintadolouroreal.com\/?s={search_term_string}\"},\"query-input\":{\"@type\":\"PropertyValueSpecification\",\"valueRequired\":true,\"valueName\":\"search_term_string\"}}],\"inLanguage\":\"en-US\"},{\"@type\":\"Organization\",\"@id\":\"https:\/\/quintadolouroreal.com\/#organization\",\"name\":\"Quinta do Louro Real\",\"url\":\"https:\/\/quintadolouroreal.com\/\",\"logo\":{\"@type\":\"ImageObject\",\"inLanguage\":\"en-US\",\"@id\":\"https:\/\/quintadolouroreal.com\/#\/schema\/logo\/image\/\",\"url\":\"https:\/\/quintadolouroreal.com\/wp-content\/uploads\/2025\/03\/QuintaLouroReal.png\",\"contentUrl\":\"https:\/\/quintadolouroreal.com\/wp-content\/uploads\/2025\/03\/QuintaLouroReal.png\",\"width\":515,\"height\":512,\"caption\":\"Quinta do Louro Real\"},\"image\":{\"@id\":\"https:\/\/quintadolouroreal.com\/#\/schema\/logo\/image\/\"},\"sameAs\":[\"https:\/\/www.facebook.com\/profile.php?id=61553635694507\",\"https:\/\/www.instagram.com\/quintadolouroreal\/\"]}]}<\/script>\n<!-- \/ Yoast SEO plugin. -->","yoast_head_json":{"title":"Gr\u00e3o de Lava \u2014 A\u00e7ores Blend 150g - quintadolouroreal.com","description":"Este blend re\u00fane 50% Caturra e 50% Yellow Bourbon, num processo lavado que privilegia clareza e equil\u00edbrio. A inspira\u00e7\u00e3o vem do oceano Atl\u00e2ntico, da \u00e1gua do mar e da rocha de basalto que molda as ilhas.Na ch\u00e1vena, apresenta notas frutadas c\u00edtricas, com uma do\u00e7ura bem integrada e uma acidez equilibrada e refrescante. Um caf\u00e9 limpo, vers\u00e1til e elegante \u2014 reflexo perfeito do di\u00e1logo entre o vulc\u00e3o e o mar.","robots":{"index":"index","follow":"follow","max-snippet":"max-snippet:-1","max-image-preview":"max-image-preview:large","max-video-preview":"max-video-preview:-1"},"canonical":"https:\/\/quintadolouroreal.com\/en\/product\/grao-de-lava-acores-blend\/","og_locale":"en_US","og_type":"article","og_title":"Gr\u00e3o de Lava \u2014 A\u00e7ores Blend 150g - quintadolouroreal.com","og_description":"Este blend re\u00fane 50% Caturra e 50% Yellow Bourbon, num processo lavado que privilegia clareza e equil\u00edbrio. A inspira\u00e7\u00e3o vem do oceano Atl\u00e2ntico, da \u00e1gua do mar e da rocha de basalto que molda as ilhas.Na ch\u00e1vena, apresenta notas frutadas c\u00edtricas, com uma do\u00e7ura bem integrada e uma acidez equilibrada e refrescante. Um caf\u00e9 limpo, vers\u00e1til e elegante \u2014 reflexo perfeito do di\u00e1logo entre o vulc\u00e3o e o mar.","og_url":"https:\/\/quintadolouroreal.com\/en\/product\/grao-de-lava-acores-blend\/","og_site_name":"quintadolouroreal.com","article_publisher":"https:\/\/www.facebook.com\/profile.php?id=61553635694507","article_modified_time":"2026-01-26T23:11:39+00:00","og_image":[{"width":768,"height":1024,"url":"https:\/\/quintadolouroreal.com\/wp-content\/uploads\/2026\/01\/IMG_1102.jpg","type":"image\/jpeg"}],"twitter_card":"summary_large_image","twitter_misc":{"Est. reading time":"1 minute"},"schema":{"@context":"https:\/\/schema.org","@graph":[{"@type":"WebPage","@id":"https:\/\/quintadolouroreal.com\/product\/grao-de-lava-acores-blend\/","url":"https:\/\/quintadolouroreal.com\/product\/grao-de-lava-acores-blend\/","name":"Gr\u00e3o de Lava \u2014 A\u00e7ores Blend 150g - quintadolouroreal.com","isPartOf":{"@id":"https:\/\/quintadolouroreal.com\/#website"},"primaryImageOfPage":{"@id":"https:\/\/quintadolouroreal.com\/product\/grao-de-lava-acores-blend\/#primaryimage"},"image":{"@id":"https:\/\/quintadolouroreal.com\/product\/grao-de-lava-acores-blend\/#primaryimage"},"thumbnailUrl":"https:\/\/quintadolouroreal.com\/wp-content\/uploads\/2026\/01\/IMG_1102.jpg","datePublished":"2026-01-20T20:13:41+00:00","dateModified":"2026-01-26T23:11:39+00:00","description":"Este blend re\u00fane 50% Caturra e 50% Yellow Bourbon, num processo lavado que privilegia clareza e equil\u00edbrio. A inspira\u00e7\u00e3o vem do oceano Atl\u00e2ntico, da \u00e1gua do mar e da rocha de basalto que molda as ilhas.Na ch\u00e1vena, apresenta notas frutadas c\u00edtricas, com uma do\u00e7ura bem integrada e uma acidez equilibrada e refrescante. Um caf\u00e9 limpo, vers\u00e1til e elegante \u2014 reflexo perfeito do di\u00e1logo entre o vulc\u00e3o e o mar.","breadcrumb":{"@id":"https:\/\/quintadolouroreal.com\/product\/grao-de-lava-acores-blend\/#breadcrumb"},"inLanguage":"en-US","potentialAction":[{"@type":"ReadAction","target":["https:\/\/quintadolouroreal.com\/product\/grao-de-lava-acores-blend\/"]}]},{"@type":"ImageObject","inLanguage":"en-US","@id":"https:\/\/quintadolouroreal.com\/product\/grao-de-lava-acores-blend\/#primaryimage","url":"https:\/\/quintadolouroreal.com\/wp-content\/uploads\/2026\/01\/IMG_1102.jpg","contentUrl":"https:\/\/quintadolouroreal.com\/wp-content\/uploads\/2026\/01\/IMG_1102.jpg","width":768,"height":1024,"caption":"In the cup, it presents fruity citrus notes, with well-integrated sweetness and balanced, refreshing acidity. A clean, versatile, and elegant coffee \u2014 a perfect reflection of the dialogue between the volcano and the sea."},{"@type":"BreadcrumbList","@id":"https:\/\/quintadolouroreal.com\/product\/grao-de-lava-acores-blend\/#breadcrumb","itemListElement":[{"@type":"ListItem","position":1,"name":"In\u00edcio","item":"https:\/\/quintadolouroreal.com\/"},{"@type":"ListItem","position":2,"name":"Loja","item":"https:\/\/quintadolouroreal.com\/shop\/"},{"@type":"ListItem","position":3,"name":"Gr\u00e3o de Lava \u2014 A\u00e7ores Blend 150g"}]},{"@type":"WebSite","@id":"https:\/\/quintadolouroreal.com\/#website","url":"https:\/\/quintadolouroreal.com\/","name":"quintadolouroreal.com","description":"Onde a natureza n\u00e3o se apressa","publisher":{"@id":"https:\/\/quintadolouroreal.com\/#organization"},"alternateName":"Quinta do Louro Real","potentialAction":[{"@type":"SearchAction","target":{"@type":"EntryPoint","urlTemplate":"https:\/\/quintadolouroreal.com\/?s={search_term_string}"},"query-input":{"@type":"PropertyValueSpecification","valueRequired":true,"valueName":"search_term_string"}}],"inLanguage":"en-US"},{"@type":"Organization","@id":"https:\/\/quintadolouroreal.com\/#organization","name":"Quinta do Louro Real","url":"https:\/\/quintadolouroreal.com\/","logo":{"@type":"ImageObject","inLanguage":"en-US","@id":"https:\/\/quintadolouroreal.com\/#\/schema\/logo\/image\/","url":"https:\/\/quintadolouroreal.com\/wp-content\/uploads\/2025\/03\/QuintaLouroReal.png","contentUrl":"https:\/\/quintadolouroreal.com\/wp-content\/uploads\/2025\/03\/QuintaLouroReal.png","width":515,"height":512,"caption":"Quinta do Louro Real"},"image":{"@id":"https:\/\/quintadolouroreal.com\/#\/schema\/logo\/image\/"},"sameAs":["https:\/\/www.facebook.com\/profile.php?id=61553635694507","https:\/\/www.instagram.com\/quintadolouroreal\/"]}]}},"jetpack_sharing_enabled":true,"_links":{"self":[{"href":"https:\/\/quintadolouroreal.com\/en\/wp-json\/wp\/v2\/product\/2545","targetHints":{"allow":["GET"]}}],"collection":[{"href":"https:\/\/quintadolouroreal.com\/en\/wp-json\/wp\/v2\/product"}],"about":[{"href":"https:\/\/quintadolouroreal.com\/en\/wp-json\/wp\/v2\/types\/product"}],"wp:featuredmedia":[{"embeddable":true,"href":"https:\/\/quintadolouroreal.com\/en\/wp-json\/wp\/v2\/media\/2550"}],"wp:attachment":[{"href":"https:\/\/quintadolouroreal.com\/en\/wp-json\/wp\/v2\/media?parent=2545"}],"wp:term":[{"taxonomy":"product_brand","embeddable":true,"href":"https:\/\/quintadolouroreal.com\/en\/wp-json\/wp\/v2\/product_brand?post=2545"},{"taxonomy":"product_cat","embeddable":true,"href":"https:\/\/quintadolouroreal.com\/en\/wp-json\/wp\/v2\/product_cat?post=2545"},{"taxonomy":"product_tag","embeddable":true,"href":"https:\/\/quintadolouroreal.com\/en\/wp-json\/wp\/v2\/product_tag?post=2545"}],"curies":[{"name":"wp","href":"https:\/\/api.w.org\/{rel}","templated":true}]}}