{"id":2323,"date":"2025-02-13T02:27:51","date_gmt":"2025-02-13T02:27:51","guid":{"rendered":"https:\/\/quintadolouroreal.com\/?post_type=product&#038;p=2323"},"modified":"2026-01-20T20:34:55","modified_gmt":"2026-01-20T20:34:55","slug":"experiencia-imersiva-a-magia-da-apanha-do-cafe","status":"publish","type":"product","link":"https:\/\/quintadolouroreal.com\/en\/product\/experiencia-imersiva-a-magia-da-apanha-do-cafe\/","title":{"rendered":"Immersive Coffee Experience"},"content":{"rendered":"","protected":false},"excerpt":{"rendered":"<p>Immersive Experience \u2013 The Coffee of the Azores at Quinta Louro Real<\/p>\n<p>Experience a unique immersion into the world of coffee on the stunning Terceira Island, Azores! Over two days and two nights, you will dive into the universe of Gr\u00e3o de Lava, a rare coffee grown in volcanic soil, discovering every step of its production \u2013 from the coffee plant to the cup.<\/p>\n<p>What does the experience include?<\/p>\n<p>2-night accommodation at Quinta Louro Real \u2013 A rural retreat to relax and connect with nature.<\/p>\n<p>Experience in the coffee plantation<br \/>\n\u2714 Visit to the farm's coffee plantations, getting to know the Caturra Vermelho and Yellow Bourbon varieties.<br \/>\n\u2714 Active participation in the coffee harvest, picking ripe beans directly from the plants.<br \/>\n\u2714 Detailed explanation of the Washed Bean process, from the separation of the beans to the drying.<\/p>\n<p>From roasting to cup<br \/>\n\u2714 Follow the artisanal roasting process and discover how to enhance the best flavors.<br \/>\n\u2714 Guided tasting session to explore the aromas and sensory profiles of Gr\u00e3o de Lava.<\/p>\n<p>Life on the Farm<br \/>\n\u2714 Walk around the property to meet the animals and explore the region's biodiversity.<br \/>\n\u2714 Optional rural experience: milking the cows and feeding the calves.<\/p>","protected":false},"featured_media":2392,"template":"","meta":[],"product_brand":[],"product_cat":[15],"product_tag":[74,92,91,75,73,81,80,70,83,82,88,78,76,85,89,87,35,77,79,84,86,90,93],"class_list":{"0":"post-2323","1":"product","2":"type-product","3":"status-publish","4":"has-post-thumbnail","6":"product_cat-uncategorized","7":"product_tag-acores","8":"product_tag-alimentar-animais-de-quinta","9":"product_tag-alimentar-vitelos","10":"product_tag-azores","11":"product_tag-cafe-acoriano","12":"product_tag-cafe-arabica","13":"product_tag-cafe-artesanal","14":"product_tag-cafe-dos-acores","15":"product_tag-cafe-especialidade","16":"product_tag-cafe-gourmet","17":"product_tag-cafe-ilha-terceira","18":"product_tag-cafe-portugues","19":"product_tag-coffee","20":"product_tag-experiencia-cafe-dos-acores","21":"product_tag-experiencia-cafe-na-ilha-terceira","22":"product_tag-ilha-terceira","23":"product_tag-luxury","24":"product_tag-portuguese-coffee","25":"product_tag-produto-regional","26":"product_tag-prova-de-cafe-dos-acores","27":"product_tag-turismo-ilha-terceira","28":"product_tag-visita-a-quinta-ilha-terceira","29":"product_tag-visita-quinta","31":"first","32":"instock","33":"taxable","34":"shipping-taxable","35":"purchasable","36":"product-type-simple"},"yoast_head":"<!-- This site is optimized with the Yoast SEO plugin v25.7 - https:\/\/yoast.com\/wordpress\/plugins\/seo\/ -->\n<title>Experi\u00eancia imersiva sobre\u00a0Caf\u00e9 - quintadolouroreal.com<\/title>\n<meta name=\"robots\" content=\"index, follow, max-snippet:-1, max-image-preview:large, max-video-preview:-1\" \/>\n<link rel=\"canonical\" href=\"https:\/\/quintadolouroreal.com\/en\/product\/experiencia-imersiva-a-magia-da-apanha-do-cafe\/\" \/>\n<meta property=\"og:locale\" content=\"en_US\" \/>\n<meta property=\"og:type\" content=\"article\" \/>\n<meta property=\"og:title\" content=\"Experi\u00eancia imersiva sobre\u00a0Caf\u00e9 - quintadolouroreal.com\" \/>\n<meta property=\"og:description\" content=\"Experi\u00eancia Imersiva \u2013 O Caf\u00e9 dos A\u00e7ores na Quinta Louro Real  Viva uma imers\u00e3o \u00fanica no mundo do caf\u00e9 em plena Ilha Terceira, A\u00e7ores! Durante dois dias e duas noites, voc\u00ea mergulhar\u00e1 no universo do Gr\u00e3o de Lava, um caf\u00e9 raro cultivado em solo vulc\u00e2nico, descobrindo cada etapa da sua produ\u00e7\u00e3o \u2013 do cafezal \u00e0 x\u00edcara.  O que inclui a experi\u00eancia?  Hospedagem de 2 noites na Quinta Louro Real \u2013 Um ref\u00fagio rural para relaxar e se conectar com a natureza.  Viv\u00eancia no cafezal \u2714 Visita aos cafezais da quinta, conhecendo as variedades Caturra Vermelho e Yellow Bourbon \u2714 Participa\u00e7\u00e3o ativa na colheita do caf\u00e9, colhendo os gr\u00e3os maduros diretamente dos p\u00e9s \u2714 Explica\u00e7\u00e3o detalhada sobre o processo de Gr\u00e3o Lavado, desde a separa\u00e7\u00e3o dos gr\u00e3os at\u00e9 a secagem  Da torra \u00e0 chavena \u2714 Acompanhe o processo de torra artesanal e descubra como real\u00e7ar os melhores sabores \u2714 Sess\u00e3o de degusta\u00e7\u00e3o guiada para explorar os aromas e perfis sensoriais do Gr\u00e3o de Lava  Vida na Quinta \u2714 Passeio pela propriedade para conhecer os animais e a biodiversidade da regi\u00e3o \u2714 Experi\u00eancia rural opcional: ordenha das vacas e alimenta\u00e7\u00e3o\u00a0dos\u00a0vitelos\" \/>\n<meta property=\"og:url\" content=\"https:\/\/quintadolouroreal.com\/en\/product\/experiencia-imersiva-a-magia-da-apanha-do-cafe\/\" \/>\n<meta property=\"og:site_name\" content=\"quintadolouroreal.com\" \/>\n<meta property=\"article:publisher\" content=\"https:\/\/www.facebook.com\/profile.php?id=61553635694507\" \/>\n<meta property=\"article:modified_time\" content=\"2026-01-20T20:34:55+00:00\" \/>\n<meta property=\"og:image\" content=\"https:\/\/quintadolouroreal.com\/wp-content\/uploads\/2025\/02\/Expriencia_do_Cafe.jpg\" \/>\n\t<meta property=\"og:image:width\" content=\"1066\" \/>\n\t<meta property=\"og:image:height\" content=\"1600\" \/>\n\t<meta property=\"og:image:type\" content=\"image\/jpeg\" \/>\n<meta name=\"twitter:card\" content=\"summary_large_image\" \/>\n<meta name=\"twitter:label1\" content=\"Est. reading time\" \/>\n\t<meta name=\"twitter:data1\" content=\"1 minute\" \/>\n<script type=\"application\/ld+json\" class=\"yoast-schema-graph\">{\"@context\":\"https:\/\/schema.org\",\"@graph\":[{\"@type\":\"WebPage\",\"@id\":\"https:\/\/quintadolouroreal.com\/product\/experiencia-imersiva-a-magia-da-apanha-do-cafe\/\",\"url\":\"https:\/\/quintadolouroreal.com\/product\/experiencia-imersiva-a-magia-da-apanha-do-cafe\/\",\"name\":\"Experi\u00eancia imersiva sobre\u00a0Caf\u00e9 - quintadolouroreal.com\",\"isPartOf\":{\"@id\":\"https:\/\/quintadolouroreal.com\/#website\"},\"primaryImageOfPage\":{\"@id\":\"https:\/\/quintadolouroreal.com\/product\/experiencia-imersiva-a-magia-da-apanha-do-cafe\/#primaryimage\"},\"image\":{\"@id\":\"https:\/\/quintadolouroreal.com\/product\/experiencia-imersiva-a-magia-da-apanha-do-cafe\/#primaryimage\"},\"thumbnailUrl\":\"https:\/\/quintadolouroreal.com\/wp-content\/uploads\/2025\/02\/Expriencia_do_Cafe.jpg\",\"datePublished\":\"2025-02-13T02:27:51+00:00\",\"dateModified\":\"2026-01-20T20:34:55+00:00\",\"breadcrumb\":{\"@id\":\"https:\/\/quintadolouroreal.com\/product\/experiencia-imersiva-a-magia-da-apanha-do-cafe\/#breadcrumb\"},\"inLanguage\":\"en-US\",\"potentialAction\":[{\"@type\":\"ReadAction\",\"target\":[\"https:\/\/quintadolouroreal.com\/product\/experiencia-imersiva-a-magia-da-apanha-do-cafe\/\"]}]},{\"@type\":\"ImageObject\",\"inLanguage\":\"en-US\",\"@id\":\"https:\/\/quintadolouroreal.com\/product\/experiencia-imersiva-a-magia-da-apanha-do-cafe\/#primaryimage\",\"url\":\"https:\/\/quintadolouroreal.com\/wp-content\/uploads\/2025\/02\/Expriencia_do_Cafe.jpg\",\"contentUrl\":\"https:\/\/quintadolouroreal.com\/wp-content\/uploads\/2025\/02\/Expriencia_do_Cafe.jpg\",\"width\":1066,\"height\":1600},{\"@type\":\"BreadcrumbList\",\"@id\":\"https:\/\/quintadolouroreal.com\/product\/experiencia-imersiva-a-magia-da-apanha-do-cafe\/#breadcrumb\",\"itemListElement\":[{\"@type\":\"ListItem\",\"position\":1,\"name\":\"In\u00edcio\",\"item\":\"https:\/\/quintadolouroreal.com\/\"},{\"@type\":\"ListItem\",\"position\":2,\"name\":\"Loja\",\"item\":\"https:\/\/quintadolouroreal.com\/shop\/\"},{\"@type\":\"ListItem\",\"position\":3,\"name\":\"Experi\u00eancia imersiva sobre\u00a0Caf\u00e9\"}]},{\"@type\":\"WebSite\",\"@id\":\"https:\/\/quintadolouroreal.com\/#website\",\"url\":\"https:\/\/quintadolouroreal.com\/\",\"name\":\"quintadolouroreal.com\",\"description\":\"Onde a natureza n\u00e3o se apressa\",\"publisher\":{\"@id\":\"https:\/\/quintadolouroreal.com\/#organization\"},\"alternateName\":\"Quinta do Louro Real\",\"potentialAction\":[{\"@type\":\"SearchAction\",\"target\":{\"@type\":\"EntryPoint\",\"urlTemplate\":\"https:\/\/quintadolouroreal.com\/?s={search_term_string}\"},\"query-input\":{\"@type\":\"PropertyValueSpecification\",\"valueRequired\":true,\"valueName\":\"search_term_string\"}}],\"inLanguage\":\"en-US\"},{\"@type\":\"Organization\",\"@id\":\"https:\/\/quintadolouroreal.com\/#organization\",\"name\":\"Quinta do Louro Real\",\"url\":\"https:\/\/quintadolouroreal.com\/\",\"logo\":{\"@type\":\"ImageObject\",\"inLanguage\":\"en-US\",\"@id\":\"https:\/\/quintadolouroreal.com\/#\/schema\/logo\/image\/\",\"url\":\"https:\/\/quintadolouroreal.com\/wp-content\/uploads\/2025\/03\/QuintaLouroReal.png\",\"contentUrl\":\"https:\/\/quintadolouroreal.com\/wp-content\/uploads\/2025\/03\/QuintaLouroReal.png\",\"width\":515,\"height\":512,\"caption\":\"Quinta do Louro Real\"},\"image\":{\"@id\":\"https:\/\/quintadolouroreal.com\/#\/schema\/logo\/image\/\"},\"sameAs\":[\"https:\/\/www.facebook.com\/profile.php?id=61553635694507\",\"https:\/\/www.instagram.com\/quintadolouroreal\/\"]}]}<\/script>\n<!-- \/ Yoast SEO plugin. -->","yoast_head_json":{"title":"Experi\u00eancia imersiva sobre\u00a0Caf\u00e9 - quintadolouroreal.com","robots":{"index":"index","follow":"follow","max-snippet":"max-snippet:-1","max-image-preview":"max-image-preview:large","max-video-preview":"max-video-preview:-1"},"canonical":"https:\/\/quintadolouroreal.com\/en\/product\/experiencia-imersiva-a-magia-da-apanha-do-cafe\/","og_locale":"en_US","og_type":"article","og_title":"Experi\u00eancia imersiva sobre\u00a0Caf\u00e9 - quintadolouroreal.com","og_description":"Experi\u00eancia Imersiva \u2013 O Caf\u00e9 dos A\u00e7ores na Quinta Louro Real  Viva uma imers\u00e3o \u00fanica no mundo do caf\u00e9 em plena Ilha Terceira, A\u00e7ores! Durante dois dias e duas noites, voc\u00ea mergulhar\u00e1 no universo do Gr\u00e3o de Lava, um caf\u00e9 raro cultivado em solo vulc\u00e2nico, descobrindo cada etapa da sua produ\u00e7\u00e3o \u2013 do cafezal \u00e0 x\u00edcara.  O que inclui a experi\u00eancia?  Hospedagem de 2 noites na Quinta Louro Real \u2013 Um ref\u00fagio rural para relaxar e se conectar com a natureza.  Viv\u00eancia no cafezal \u2714 Visita aos cafezais da quinta, conhecendo as variedades Caturra Vermelho e Yellow Bourbon \u2714 Participa\u00e7\u00e3o ativa na colheita do caf\u00e9, colhendo os gr\u00e3os maduros diretamente dos p\u00e9s \u2714 Explica\u00e7\u00e3o detalhada sobre o processo de Gr\u00e3o Lavado, desde a separa\u00e7\u00e3o dos gr\u00e3os at\u00e9 a secagem  Da torra \u00e0 chavena \u2714 Acompanhe o processo de torra artesanal e descubra como real\u00e7ar os melhores sabores \u2714 Sess\u00e3o de degusta\u00e7\u00e3o guiada para explorar os aromas e perfis sensoriais do Gr\u00e3o de Lava  Vida na Quinta \u2714 Passeio pela propriedade para conhecer os animais e a biodiversidade da regi\u00e3o \u2714 Experi\u00eancia rural opcional: ordenha das vacas e alimenta\u00e7\u00e3o\u00a0dos\u00a0vitelos","og_url":"https:\/\/quintadolouroreal.com\/en\/product\/experiencia-imersiva-a-magia-da-apanha-do-cafe\/","og_site_name":"quintadolouroreal.com","article_publisher":"https:\/\/www.facebook.com\/profile.php?id=61553635694507","article_modified_time":"2026-01-20T20:34:55+00:00","og_image":[{"width":1066,"height":1600,"url":"https:\/\/quintadolouroreal.com\/wp-content\/uploads\/2025\/02\/Expriencia_do_Cafe.jpg","type":"image\/jpeg"}],"twitter_card":"summary_large_image","twitter_misc":{"Est. reading time":"1 minute"},"schema":{"@context":"https:\/\/schema.org","@graph":[{"@type":"WebPage","@id":"https:\/\/quintadolouroreal.com\/product\/experiencia-imersiva-a-magia-da-apanha-do-cafe\/","url":"https:\/\/quintadolouroreal.com\/product\/experiencia-imersiva-a-magia-da-apanha-do-cafe\/","name":"Experi\u00eancia imersiva sobre\u00a0Caf\u00e9 - quintadolouroreal.com","isPartOf":{"@id":"https:\/\/quintadolouroreal.com\/#website"},"primaryImageOfPage":{"@id":"https:\/\/quintadolouroreal.com\/product\/experiencia-imersiva-a-magia-da-apanha-do-cafe\/#primaryimage"},"image":{"@id":"https:\/\/quintadolouroreal.com\/product\/experiencia-imersiva-a-magia-da-apanha-do-cafe\/#primaryimage"},"thumbnailUrl":"https:\/\/quintadolouroreal.com\/wp-content\/uploads\/2025\/02\/Expriencia_do_Cafe.jpg","datePublished":"2025-02-13T02:27:51+00:00","dateModified":"2026-01-20T20:34:55+00:00","breadcrumb":{"@id":"https:\/\/quintadolouroreal.com\/product\/experiencia-imersiva-a-magia-da-apanha-do-cafe\/#breadcrumb"},"inLanguage":"en-US","potentialAction":[{"@type":"ReadAction","target":["https:\/\/quintadolouroreal.com\/product\/experiencia-imersiva-a-magia-da-apanha-do-cafe\/"]}]},{"@type":"ImageObject","inLanguage":"en-US","@id":"https:\/\/quintadolouroreal.com\/product\/experiencia-imersiva-a-magia-da-apanha-do-cafe\/#primaryimage","url":"https:\/\/quintadolouroreal.com\/wp-content\/uploads\/2025\/02\/Expriencia_do_Cafe.jpg","contentUrl":"https:\/\/quintadolouroreal.com\/wp-content\/uploads\/2025\/02\/Expriencia_do_Cafe.jpg","width":1066,"height":1600},{"@type":"BreadcrumbList","@id":"https:\/\/quintadolouroreal.com\/product\/experiencia-imersiva-a-magia-da-apanha-do-cafe\/#breadcrumb","itemListElement":[{"@type":"ListItem","position":1,"name":"In\u00edcio","item":"https:\/\/quintadolouroreal.com\/"},{"@type":"ListItem","position":2,"name":"Loja","item":"https:\/\/quintadolouroreal.com\/shop\/"},{"@type":"ListItem","position":3,"name":"Experi\u00eancia imersiva sobre\u00a0Caf\u00e9"}]},{"@type":"WebSite","@id":"https:\/\/quintadolouroreal.com\/#website","url":"https:\/\/quintadolouroreal.com\/","name":"quintadolouroreal.com","description":"Onde a natureza n\u00e3o se apressa","publisher":{"@id":"https:\/\/quintadolouroreal.com\/#organization"},"alternateName":"Quinta do Louro Real","potentialAction":[{"@type":"SearchAction","target":{"@type":"EntryPoint","urlTemplate":"https:\/\/quintadolouroreal.com\/?s={search_term_string}"},"query-input":{"@type":"PropertyValueSpecification","valueRequired":true,"valueName":"search_term_string"}}],"inLanguage":"en-US"},{"@type":"Organization","@id":"https:\/\/quintadolouroreal.com\/#organization","name":"Quinta do Louro Real","url":"https:\/\/quintadolouroreal.com\/","logo":{"@type":"ImageObject","inLanguage":"en-US","@id":"https:\/\/quintadolouroreal.com\/#\/schema\/logo\/image\/","url":"https:\/\/quintadolouroreal.com\/wp-content\/uploads\/2025\/03\/QuintaLouroReal.png","contentUrl":"https:\/\/quintadolouroreal.com\/wp-content\/uploads\/2025\/03\/QuintaLouroReal.png","width":515,"height":512,"caption":"Quinta do Louro Real"},"image":{"@id":"https:\/\/quintadolouroreal.com\/#\/schema\/logo\/image\/"},"sameAs":["https:\/\/www.facebook.com\/profile.php?id=61553635694507","https:\/\/www.instagram.com\/quintadolouroreal\/"]}]}},"jetpack_sharing_enabled":true,"_links":{"self":[{"href":"https:\/\/quintadolouroreal.com\/en\/wp-json\/wp\/v2\/product\/2323","targetHints":{"allow":["GET"]}}],"collection":[{"href":"https:\/\/quintadolouroreal.com\/en\/wp-json\/wp\/v2\/product"}],"about":[{"href":"https:\/\/quintadolouroreal.com\/en\/wp-json\/wp\/v2\/types\/product"}],"wp:featuredmedia":[{"embeddable":true,"href":"https:\/\/quintadolouroreal.com\/en\/wp-json\/wp\/v2\/media\/2392"}],"wp:attachment":[{"href":"https:\/\/quintadolouroreal.com\/en\/wp-json\/wp\/v2\/media?parent=2323"}],"wp:term":[{"taxonomy":"product_brand","embeddable":true,"href":"https:\/\/quintadolouroreal.com\/en\/wp-json\/wp\/v2\/product_brand?post=2323"},{"taxonomy":"product_cat","embeddable":true,"href":"https:\/\/quintadolouroreal.com\/en\/wp-json\/wp\/v2\/product_cat?post=2323"},{"taxonomy":"product_tag","embeddable":true,"href":"https:\/\/quintadolouroreal.com\/en\/wp-json\/wp\/v2\/product_tag?post=2323"}],"curies":[{"name":"wp","href":"https:\/\/api.w.org\/{rel}","templated":true}]}}