{"id":1678,"date":"2022-06-06T07:42:22","date_gmt":"2022-06-06T07:42:22","guid":{"rendered":"https:\/\/nicktesting.kinsta.cloud\/shopdiko1\/?page_id=10"},"modified":"2025-08-21T19:30:28","modified_gmt":"2025-08-21T19:30:28","slug":"cart-wooshop-v1","status":"publish","type":"page","link":"https:\/\/quintadolouroreal.com\/en\/cart-wooshop-v1\/","title":{"rendered":"Cart"},"content":{"rendered":"<div data-elementor-type=\"wp-page\" data-elementor-id=\"1678\" class=\"elementor elementor-1678\">\n\t\t\t\t\t\t<section class=\"elementor-section elementor-top-section elementor-element elementor-element-66f22496 elementor-section-boxed elementor-section-height-default elementor-section-height-default wpr-particle-no wpr-jarallax-no wpr-parallax-no wpr-sticky-section-no\" data-id=\"66f22496\" data-element_type=\"section\">\n\t\t\t\t\t\t<div class=\"elementor-container elementor-column-gap-default\">\n\t\t\t\t\t<div class=\"elementor-column elementor-col-100 elementor-top-column elementor-element elementor-element-27ed61d9\" data-id=\"27ed61d9\" data-element_type=\"column\">\n\t\t\t<div class=\"elementor-widget-wrap elementor-element-populated\">\n\t\t\t\t\t\t<div class=\"elementor-element elementor-element-00300b3 elementor-widget elementor-widget-heading\" data-id=\"00300b3\" data-element_type=\"widget\" data-widget_type=\"heading.default\">\n\t\t\t\t<div class=\"elementor-widget-container\">\n\t\t\t\t\t<h2 class=\"elementor-heading-title elementor-size-default\">Cart<\/h2>\t\t\t\t<\/div>\n\t\t\t\t<\/div>\n\t\t\t\t<div class=\"elementor-element elementor-element-a89b7d8 elementor-hidden-desktop elementor-hidden-tablet elementor-hidden-mobile elementor-widget elementor-widget-heading\" data-id=\"a89b7d8\" data-element_type=\"widget\" data-widget_type=\"heading.default\">\n\t\t\t\t<div class=\"elementor-widget-container\">\n\t\t\t\t\t<h2 class=\"elementor-heading-title elementor-size-default\">Store Temporarily Under Maintenance<\/h2>\t\t\t\t<\/div>\n\t\t\t\t<\/div>\n\t\t\t\t<div class=\"elementor-element elementor-element-cb3d557 elementor-hidden-desktop elementor-hidden-tablet elementor-hidden-mobile elementor-widget elementor-widget-text-editor\" data-id=\"cb3d557\" data-element_type=\"widget\" data-widget_type=\"text-editor.default\">\n\t\t\t\t<div class=\"elementor-widget-container\">\n\t\t\t\t\t\t\t\t\t<p class=\"\" data-start=\"192\" data-end=\"328\">Hello!\ud83d\ude0a<br data-start=\"199\" data-end=\"202\" \/>Our store <strong data-start=\"215\" data-end=\"236\">Quinta Louro Real<\/strong> Our store is undergoing maintenance to offer you an even better experience.<\/p><p class=\"\" data-start=\"330\" data-end=\"418\">We know you\u2019ve selected a product, and we don\u2019t want you to miss the opportunity to get it!<\/p><p class=\"translation-block\" data-start=\"420\" data-end=\"666\"><strong data-start=\"423\" data-end=\"467\">While we finish up some technical adjustments<\/strong>, you can still complete your purchase through our form:<br data-start=\"529\" data-end=\"532\"><strong data-start=\"532\" data-end=\"564\">Just click the button below<\/strong> and you\u2019ll be redirected to a Google Form where you can place your order in a simple and secure way.<\/p><p class=\"\" data-start=\"668\" data-end=\"708\">We appreciate your understanding and trust.<\/p><p class=\"\" data-start=\"710\" data-end=\"813\">Our sincere apologies for any inconvenience.<\/p><p class=\"\" data-start=\"815\" data-end=\"858\"><strong data-start=\"815\" data-end=\"858\">With care,<br data-start=\"829\" data-end=\"832\" \/>Quinta Louro Real Team<\/strong><\/p>\t\t\t\t\t\t\t\t<\/div>\n\t\t\t\t<\/div>\n\t\t\t\t<div class=\"elementor-element elementor-element-47f224b elementor-align-center elementor-hidden-desktop elementor-hidden-tablet elementor-hidden-mobile elementor-widget elementor-widget-button\" data-id=\"47f224b\" data-element_type=\"widget\" data-widget_type=\"button.default\">\n\t\t\t\t<div class=\"elementor-widget-container\">\n\t\t\t\t\t\t\t\t\t<div class=\"elementor-button-wrapper\">\n\t\t\t\t\t<a class=\"elementor-button elementor-button-link elementor-size-sm\" href=\"https:\/\/docs.google.com\/forms\/d\/e\/1FAIpQLSfU2EKCeQa4KU9orkWDFypy4AkSodBoezUcyh77nJ3BcnW-Yg\/viewform\" target=\"_blank\">\n\t\t\t\t\t\t<span class=\"elementor-button-content-wrapper\">\n\t\t\t\t\t\t\t\t\t<span class=\"elementor-button-text\">Proceed to Checkout<\/span>\n\t\t\t\t\t<\/span>\n\t\t\t\t\t<\/a>\n\t\t\t\t<\/div>\n\t\t\t\t\t\t\t\t<\/div>\n\t\t\t\t<\/div>\n\t\t\t\t\t<\/div>\n\t\t<\/div>\n\t\t\t\t\t<\/div>\n\t\t<\/section>\n\t\t\t\t<\/div>","protected":false},"excerpt":{"rendered":"<p>Cart Loja em Manuten\u00e7\u00e3o Tempor\u00e1ria Ol\u00e1! \ud83d\ude0aA nossa loja Quinta Louro Real est\u00e1 a passar por um processo de manuten\u00e7\u00e3o para lhe oferecer uma experi\u00eancia ainda melhor. Sabemos que selecionou um produto e n\u00e3o queremos que perca a oportunidade de o adquirir! \ud83d\udd04 Enquanto finalizamos os ajustes t\u00e9cnicos, pode continuar com a sua compra atrav\u00e9s do nosso formul\u00e1rio:Basta clicar no bot\u00e3o abaixo e ser\u00e1 redirecionado para um Google Form onde poder\u00e1 concluir o seu pedido de forma simples e segura. Agradecemos a sua compreens\u00e3o e confian\u00e7a. As nossas sinceras desculpas por qualquer inconveniente. Com carinho,Equipa Quinta Louro Real &nbsp; Produto &nbsp; Pre\u00e7o Quantidade Subtotal &times; Caf\u00e9 Gr\u00e3o de Lava Moagem: Mo\u00eddo para &#8220;French Press&#8221; 15.00&euro; Quantidade de Caf\u00e9 Gr\u00e3o de Lava 15.00&euro; Atualizar Total do Carrinho Subtotal 15.00&euro; Envio Introduza a sua morada para ver op\u00e7\u00f5es de envio. Calcular custos de envio Country \/ region Seleccione um pa\u00eds \/ regi\u00e3o&hellip;Afeganist\u00e3o\u00c1frica do Sul\u00c5land IslandsAlb\u00e2niaAlemanhaAndorraAngolaAnguilaAnt\u00e1rctidaAnt\u00edgua e BarbudaAr\u00e1bia SauditaArg\u00e9liaArgentinaArm\u00e9niaArubaAustr\u00e1lia\u00c1ustriaAzerbaij\u00e3oBahamasBahreinBangladeshBarbadosBelauB\u00e9lgicaBelizeBenimBermudasBielorr\u00fassiaBol\u00edviaBonaire, Saint Eustatius e SabaB\u00f3snia e HerzegovinaBotsuanaBrasilBruneiBulg\u00e1riaBurquina FasoBurundiBut\u00e3oCabo VerdeCamar\u00f5esCambojaCanad\u00e1CatarCazaquist\u00e3oChadeCh\u00e9quiaChileChinaChipreCol\u00f4mbiaComoresComunidade das Ilhas Marianas SetentrionaisCongo (Brazzaville)Congo (Kinshasa)Coreia do NorteCoreia do SulCosta do MarfimCosta RicaCro\u00e1ciaCubaCura&ccedil;aoDinamarcaDom\u00ednicaEgitoEmirados \u00c1rabes UnidosEquadorEritreiaEslov\u00e1quiaEslov\u00e9niaEspanhaEstados Unidos (US)Est\u00f3niaEswatiniEti\u00f3piaFaro\u00e9FijiFilipinasFinl\u00e2ndiaFran\u00e7aGab\u00e3oG\u00e2mbiaGanaGe\u00f3rgiaGibraltarGranadaGr\u00e9ciaGronel\u00e2ndiaGuadalupeGuamGuatemalaGuerneseyGuianaGuiana FrancesaGuin\u00e9Guin\u00e9 EquatorialGuin\u00e9-BissauHaitiHondurasHong KongHungriaI\u00e9menIlha BouvetIlha de ManIlha do NatalIlha Heard e Ilhas McDonaldIlha NorfolkIlhas Caim\u00e3oIlhas CookIlhas dos CocosIlhas FalklandIlhas Ge\u00f3rgia do Sul e Sandwich do SulIlhas MarshallIlhas Menores Distantes dos Estados UnidosIlhas PitcairnIlhas Salom\u00e3oIlhas Turcas e Caicos\u00cdndiaIndon\u00e9siaIr\u00e3oIraqueIrlandaIsl\u00e2ndiaIsraelIt\u00e1liaJamaicaJap\u00e3oJerseyJibutiJord\u00e2niaKoweitLaosLesotoLet\u00f3niaL\u00edbanoLib\u00e9riaL\u00edbiaListenstaineLitu\u00e2niaLuxemburgoMacauMadag\u00e1scarMaioteMal\u00e1siaMal\u00e1uiMaldivasMaliMaltaMarrocosMartinicaMaur\u00edciaMaurit\u00e2niaM\u00e9xicoMianmar\/Birm\u00e2niaMicron\u00e9siaMo\u00e7ambiqueMold\u00e1viaM\u00f3nacoMong\u00f3liaMonserrateMontenegroNam\u00edbiaNauruNepalNicar\u00e1guaN\u00edgerNig\u00e9riaNiu\u00eaNorth MacedoniaNoruegaNova Caled\u00f3niaNova Zel\u00e2ndiaOm\u00e3Pa\u00edses BaixosPanam\u00e1Papua-Nova Guin\u00e9Paquist\u00e3oParaguaiPeruPolin\u00e9sia FrancesaPol\u00f3niaPorto RicoPortugalQu\u00e9niaQuirguist\u00e3oQuirib\u00e1tiReino Unido (UK)Rep\u00fablica Centro-AfricanaRep\u00fablica DominicanaReuni\u00e3oRom\u00e9niaRuandaR\u00fassiaS&atilde;o Tom&eacute; e Pr&iacute;ncipeSalvadorSamoaSamoa AmericanaSanta HelenaSanta L\u00faciaS\u00e3o BartolomeuS\u00e3o Crist\u00f3v\u00e3o e NevesS\u00e3o MarinhoS\u00e3o MartinhoS\u00e3o Martinho (Antilhas Holandesas)S\u00e3o Pedro e Miquel\u00e3oS\u00e3o Vicente e GranadinasSara OcidentalSeichelesSenegalSerra LeoaS\u00e9rviaSingapuraS\u00edriaSom\u00e1liaSri LancaSud\u00e3oSud\u00e3o do SulSu\u00e9ciaSu\u00ed\u00e7aSurinameSvalbard e Jan MayenTail\u00e2ndiaTaiwanTajiquist\u00e3oTanz\u00e2niaTerras Austrais e Ant\u00e1rticas FrancesasTerrit\u00f3rio Brit\u00e2nico do Oceano \u00cdndicoTerrit\u00f3rio PalestinianoTimor-LesteTogoTongaToquelauTrindade e TobagoTun\u00edsiaT\u00fcrkiyeTurquemenist\u00e3oTuvaluUcr\u00e2niaUgandaUruguaiUsbequist\u00e3oVanuatuVaticanoVenezuelaVietnameVirgin Islands (British)Virgin Islands (US)Wallis e FutunaZ\u00e2mbiaZimbabu\u00e9 Distrito \/ Munic\u00edpio Seleccione uma op\u00e7\u00e3oA\u00e7oresAveiroBejaBragaBragan\u00e7aCastelo BrancoCoimbra\u00c9voraFaroGuardaLeiriaLisboaMadeiraPortalegrePortoSantar\u00e9mSet\u00fabalViana do CasteloVila RealViseu Cidade: C\u00f3digo postal: Update Total 15.00&euro; Avan\u00e7ar para Checkout Prosseguir para Checkout<\/p>","protected":false},"author":2,"featured_media":0,"parent":0,"menu_order":0,"comment_status":"closed","ping_status":"closed","template":"elementor_canvas","meta":{"footnotes":""},"class_list":["post-1678","page","type-page","status-publish","hentry"],"yoast_head":"<!-- This site is optimized with the Yoast SEO plugin v25.7 - https:\/\/yoast.com\/wordpress\/plugins\/seo\/ -->\n<title>Cart - quintadolouroreal.com<\/title>\n<meta name=\"robots\" content=\"index, follow, max-snippet:-1, max-image-preview:large, max-video-preview:-1\" \/>\n<link rel=\"canonical\" href=\"https:\/\/quintadolouroreal.com\/en\/cart-wooshop-v1\/\" \/>\n<meta property=\"og:locale\" content=\"en_US\" \/>\n<meta property=\"og:type\" content=\"article\" \/>\n<meta property=\"og:title\" content=\"Cart - quintadolouroreal.com\" \/>\n<meta property=\"og:description\" content=\"Cart Loja em Manuten\u00e7\u00e3o Tempor\u00e1ria Ol\u00e1! \ud83d\ude0aA nossa loja Quinta Louro Real est\u00e1 a passar por um processo de manuten\u00e7\u00e3o para lhe oferecer uma experi\u00eancia ainda melhor. Sabemos que selecionou um produto e n\u00e3o queremos que perca a oportunidade de o adquirir! \ud83d\udd04 Enquanto finalizamos os ajustes t\u00e9cnicos, pode continuar com a sua compra atrav\u00e9s do nosso formul\u00e1rio:Basta clicar no bot\u00e3o abaixo e ser\u00e1 redirecionado para um Google Form onde poder\u00e1 concluir o seu pedido de forma simples e segura. Agradecemos a sua compreens\u00e3o e confian\u00e7a. As nossas sinceras desculpas por qualquer inconveniente. Com carinho,Equipa Quinta Louro Real &nbsp; Produto &nbsp; Pre\u00e7o Quantidade Subtotal &times; Caf\u00e9 Gr\u00e3o de Lava Moagem: Mo\u00eddo para &#8220;French Press&#8221; 15.00&euro; Quantidade de Caf\u00e9 Gr\u00e3o de Lava 15.00&euro; Atualizar Total do Carrinho Subtotal 15.00&euro; Envio Introduza a sua morada para ver op\u00e7\u00f5es de envio. Calcular custos de envio Country \/ region Seleccione um pa\u00eds \/ regi\u00e3o&hellip;Afeganist\u00e3o\u00c1frica do Sul\u00c5land IslandsAlb\u00e2niaAlemanhaAndorraAngolaAnguilaAnt\u00e1rctidaAnt\u00edgua e BarbudaAr\u00e1bia SauditaArg\u00e9liaArgentinaArm\u00e9niaArubaAustr\u00e1lia\u00c1ustriaAzerbaij\u00e3oBahamasBahreinBangladeshBarbadosBelauB\u00e9lgicaBelizeBenimBermudasBielorr\u00fassiaBol\u00edviaBonaire, Saint Eustatius e SabaB\u00f3snia e HerzegovinaBotsuanaBrasilBruneiBulg\u00e1riaBurquina FasoBurundiBut\u00e3oCabo VerdeCamar\u00f5esCambojaCanad\u00e1CatarCazaquist\u00e3oChadeCh\u00e9quiaChileChinaChipreCol\u00f4mbiaComoresComunidade das Ilhas Marianas SetentrionaisCongo (Brazzaville)Congo (Kinshasa)Coreia do NorteCoreia do SulCosta do MarfimCosta RicaCro\u00e1ciaCubaCura&ccedil;aoDinamarcaDom\u00ednicaEgitoEmirados \u00c1rabes UnidosEquadorEritreiaEslov\u00e1quiaEslov\u00e9niaEspanhaEstados Unidos (US)Est\u00f3niaEswatiniEti\u00f3piaFaro\u00e9FijiFilipinasFinl\u00e2ndiaFran\u00e7aGab\u00e3oG\u00e2mbiaGanaGe\u00f3rgiaGibraltarGranadaGr\u00e9ciaGronel\u00e2ndiaGuadalupeGuamGuatemalaGuerneseyGuianaGuiana FrancesaGuin\u00e9Guin\u00e9 EquatorialGuin\u00e9-BissauHaitiHondurasHong KongHungriaI\u00e9menIlha BouvetIlha de ManIlha do NatalIlha Heard e Ilhas McDonaldIlha NorfolkIlhas Caim\u00e3oIlhas CookIlhas dos CocosIlhas FalklandIlhas Ge\u00f3rgia do Sul e Sandwich do SulIlhas MarshallIlhas Menores Distantes dos Estados UnidosIlhas PitcairnIlhas Salom\u00e3oIlhas Turcas e Caicos\u00cdndiaIndon\u00e9siaIr\u00e3oIraqueIrlandaIsl\u00e2ndiaIsraelIt\u00e1liaJamaicaJap\u00e3oJerseyJibutiJord\u00e2niaKoweitLaosLesotoLet\u00f3niaL\u00edbanoLib\u00e9riaL\u00edbiaListenstaineLitu\u00e2niaLuxemburgoMacauMadag\u00e1scarMaioteMal\u00e1siaMal\u00e1uiMaldivasMaliMaltaMarrocosMartinicaMaur\u00edciaMaurit\u00e2niaM\u00e9xicoMianmar\/Birm\u00e2niaMicron\u00e9siaMo\u00e7ambiqueMold\u00e1viaM\u00f3nacoMong\u00f3liaMonserrateMontenegroNam\u00edbiaNauruNepalNicar\u00e1guaN\u00edgerNig\u00e9riaNiu\u00eaNorth MacedoniaNoruegaNova Caled\u00f3niaNova Zel\u00e2ndiaOm\u00e3Pa\u00edses BaixosPanam\u00e1Papua-Nova Guin\u00e9Paquist\u00e3oParaguaiPeruPolin\u00e9sia FrancesaPol\u00f3niaPorto RicoPortugalQu\u00e9niaQuirguist\u00e3oQuirib\u00e1tiReino Unido (UK)Rep\u00fablica Centro-AfricanaRep\u00fablica DominicanaReuni\u00e3oRom\u00e9niaRuandaR\u00fassiaS&atilde;o Tom&eacute; e Pr&iacute;ncipeSalvadorSamoaSamoa AmericanaSanta HelenaSanta L\u00faciaS\u00e3o BartolomeuS\u00e3o Crist\u00f3v\u00e3o e NevesS\u00e3o MarinhoS\u00e3o MartinhoS\u00e3o Martinho (Antilhas Holandesas)S\u00e3o Pedro e Miquel\u00e3oS\u00e3o Vicente e GranadinasSara OcidentalSeichelesSenegalSerra LeoaS\u00e9rviaSingapuraS\u00edriaSom\u00e1liaSri LancaSud\u00e3oSud\u00e3o do SulSu\u00e9ciaSu\u00ed\u00e7aSurinameSvalbard e Jan MayenTail\u00e2ndiaTaiwanTajiquist\u00e3oTanz\u00e2niaTerras Austrais e Ant\u00e1rticas FrancesasTerrit\u00f3rio Brit\u00e2nico do Oceano \u00cdndicoTerrit\u00f3rio PalestinianoTimor-LesteTogoTongaToquelauTrindade e TobagoTun\u00edsiaT\u00fcrkiyeTurquemenist\u00e3oTuvaluUcr\u00e2niaUgandaUruguaiUsbequist\u00e3oVanuatuVaticanoVenezuelaVietnameVirgin Islands (British)Virgin Islands (US)Wallis e FutunaZ\u00e2mbiaZimbabu\u00e9 Distrito \/ Munic\u00edpio Seleccione uma op\u00e7\u00e3oA\u00e7oresAveiroBejaBragaBragan\u00e7aCastelo BrancoCoimbra\u00c9voraFaroGuardaLeiriaLisboaMadeiraPortalegrePortoSantar\u00e9mSet\u00fabalViana do CasteloVila RealViseu Cidade: C\u00f3digo postal: Update Total 15.00&euro; Avan\u00e7ar para Checkout Prosseguir para Checkout\" \/>\n<meta property=\"og:url\" content=\"https:\/\/quintadolouroreal.com\/en\/cart-wooshop-v1\/\" \/>\n<meta property=\"og:site_name\" content=\"quintadolouroreal.com\" \/>\n<meta property=\"article:publisher\" content=\"https:\/\/www.facebook.com\/profile.php?id=61553635694507\" \/>\n<meta property=\"article:modified_time\" content=\"2025-08-21T19:30:28+00:00\" \/>\n<meta property=\"og:image\" content=\"https:\/\/quintadolouroreal.com\/wp-content\/uploads\/2022\/06\/DSC08889_websize-200x200.jpg\" \/>\n<meta name=\"twitter:card\" content=\"summary_large_image\" \/>\n<meta name=\"twitter:label1\" content=\"Est. reading time\" \/>\n\t<meta name=\"twitter:data1\" content=\"2 minutes\" \/>\n<script type=\"application\/ld+json\" class=\"yoast-schema-graph\">{\"@context\":\"https:\/\/schema.org\",\"@graph\":[{\"@type\":\"WebPage\",\"@id\":\"https:\/\/quintadolouroreal.com\/cart-wooshop-v1\/\",\"url\":\"https:\/\/quintadolouroreal.com\/cart-wooshop-v1\/\",\"name\":\"Cart - quintadolouroreal.com\",\"isPartOf\":{\"@id\":\"https:\/\/quintadolouroreal.com\/#website\"},\"primaryImageOfPage\":{\"@id\":\"https:\/\/quintadolouroreal.com\/cart-wooshop-v1\/#primaryimage\"},\"image\":{\"@id\":\"https:\/\/quintadolouroreal.com\/cart-wooshop-v1\/#primaryimage\"},\"thumbnailUrl\":\"https:\/\/quintadolouroreal.com\/wp-content\/uploads\/2022\/06\/DSC08889_websize-200x200.jpg\",\"datePublished\":\"2022-06-06T07:42:22+00:00\",\"dateModified\":\"2025-08-21T19:30:28+00:00\",\"breadcrumb\":{\"@id\":\"https:\/\/quintadolouroreal.com\/cart-wooshop-v1\/#breadcrumb\"},\"inLanguage\":\"en-US\",\"potentialAction\":[{\"@type\":\"ReadAction\",\"target\":[\"https:\/\/quintadolouroreal.com\/cart-wooshop-v1\/\"]}]},{\"@type\":\"ImageObject\",\"inLanguage\":\"en-US\",\"@id\":\"https:\/\/quintadolouroreal.com\/cart-wooshop-v1\/#primaryimage\",\"url\":\"https:\/\/quintadolouroreal.com\/wp-content\/uploads\/2022\/06\/DSC08889_websize-200x200.jpg\",\"contentUrl\":\"https:\/\/quintadolouroreal.com\/wp-content\/uploads\/2022\/06\/DSC08889_websize-200x200.jpg\"},{\"@type\":\"BreadcrumbList\",\"@id\":\"https:\/\/quintadolouroreal.com\/cart-wooshop-v1\/#breadcrumb\",\"itemListElement\":[{\"@type\":\"ListItem\",\"position\":1,\"name\":\"In\u00edcio\",\"item\":\"https:\/\/quintadolouroreal.com\/\"},{\"@type\":\"ListItem\",\"position\":2,\"name\":\"Cart\"}]},{\"@type\":\"WebSite\",\"@id\":\"https:\/\/quintadolouroreal.com\/#website\",\"url\":\"https:\/\/quintadolouroreal.com\/\",\"name\":\"quintadolouroreal.com\",\"description\":\"Onde a natureza n\u00e3o se apressa\",\"publisher\":{\"@id\":\"https:\/\/quintadolouroreal.com\/#organization\"},\"alternateName\":\"Quinta do Louro Real\",\"potentialAction\":[{\"@type\":\"SearchAction\",\"target\":{\"@type\":\"EntryPoint\",\"urlTemplate\":\"https:\/\/quintadolouroreal.com\/?s={search_term_string}\"},\"query-input\":{\"@type\":\"PropertyValueSpecification\",\"valueRequired\":true,\"valueName\":\"search_term_string\"}}],\"inLanguage\":\"en-US\"},{\"@type\":\"Organization\",\"@id\":\"https:\/\/quintadolouroreal.com\/#organization\",\"name\":\"Quinta do Louro Real\",\"url\":\"https:\/\/quintadolouroreal.com\/\",\"logo\":{\"@type\":\"ImageObject\",\"inLanguage\":\"en-US\",\"@id\":\"https:\/\/quintadolouroreal.com\/#\/schema\/logo\/image\/\",\"url\":\"https:\/\/quintadolouroreal.com\/wp-content\/uploads\/2025\/03\/QuintaLouroReal.png\",\"contentUrl\":\"https:\/\/quintadolouroreal.com\/wp-content\/uploads\/2025\/03\/QuintaLouroReal.png\",\"width\":515,\"height\":512,\"caption\":\"Quinta do Louro Real\"},\"image\":{\"@id\":\"https:\/\/quintadolouroreal.com\/#\/schema\/logo\/image\/\"},\"sameAs\":[\"https:\/\/www.facebook.com\/profile.php?id=61553635694507\",\"https:\/\/www.instagram.com\/quintadolouroreal\/\"]}]}<\/script>\n<!-- \/ Yoast SEO plugin. -->","yoast_head_json":{"title":"Cart - quintadolouroreal.com","robots":{"index":"index","follow":"follow","max-snippet":"max-snippet:-1","max-image-preview":"max-image-preview:large","max-video-preview":"max-video-preview:-1"},"canonical":"https:\/\/quintadolouroreal.com\/en\/cart-wooshop-v1\/","og_locale":"en_US","og_type":"article","og_title":"Cart - quintadolouroreal.com","og_description":"Cart Loja em Manuten\u00e7\u00e3o Tempor\u00e1ria Ol\u00e1! \ud83d\ude0aA nossa loja Quinta Louro Real est\u00e1 a passar por um processo de manuten\u00e7\u00e3o para lhe oferecer uma experi\u00eancia ainda melhor. Sabemos que selecionou um produto e n\u00e3o queremos que perca a oportunidade de o adquirir! \ud83d\udd04 Enquanto finalizamos os ajustes t\u00e9cnicos, pode continuar com a sua compra atrav\u00e9s do nosso formul\u00e1rio:Basta clicar no bot\u00e3o abaixo e ser\u00e1 redirecionado para um Google Form onde poder\u00e1 concluir o seu pedido de forma simples e segura. Agradecemos a sua compreens\u00e3o e confian\u00e7a. As nossas sinceras desculpas por qualquer inconveniente. Com carinho,Equipa Quinta Louro Real &nbsp; Produto &nbsp; Pre\u00e7o Quantidade Subtotal &times; Caf\u00e9 Gr\u00e3o de Lava Moagem: Mo\u00eddo para &#8220;French Press&#8221; 15.00&euro; Quantidade de Caf\u00e9 Gr\u00e3o de Lava 15.00&euro; Atualizar Total do Carrinho Subtotal 15.00&euro; Envio Introduza a sua morada para ver op\u00e7\u00f5es de envio. Calcular custos de envio Country \/ region Seleccione um pa\u00eds \/ regi\u00e3o&hellip;Afeganist\u00e3o\u00c1frica do Sul\u00c5land IslandsAlb\u00e2niaAlemanhaAndorraAngolaAnguilaAnt\u00e1rctidaAnt\u00edgua e BarbudaAr\u00e1bia SauditaArg\u00e9liaArgentinaArm\u00e9niaArubaAustr\u00e1lia\u00c1ustriaAzerbaij\u00e3oBahamasBahreinBangladeshBarbadosBelauB\u00e9lgicaBelizeBenimBermudasBielorr\u00fassiaBol\u00edviaBonaire, Saint Eustatius e SabaB\u00f3snia e HerzegovinaBotsuanaBrasilBruneiBulg\u00e1riaBurquina FasoBurundiBut\u00e3oCabo VerdeCamar\u00f5esCambojaCanad\u00e1CatarCazaquist\u00e3oChadeCh\u00e9quiaChileChinaChipreCol\u00f4mbiaComoresComunidade das Ilhas Marianas SetentrionaisCongo (Brazzaville)Congo (Kinshasa)Coreia do NorteCoreia do SulCosta do MarfimCosta RicaCro\u00e1ciaCubaCura&ccedil;aoDinamarcaDom\u00ednicaEgitoEmirados \u00c1rabes UnidosEquadorEritreiaEslov\u00e1quiaEslov\u00e9niaEspanhaEstados Unidos (US)Est\u00f3niaEswatiniEti\u00f3piaFaro\u00e9FijiFilipinasFinl\u00e2ndiaFran\u00e7aGab\u00e3oG\u00e2mbiaGanaGe\u00f3rgiaGibraltarGranadaGr\u00e9ciaGronel\u00e2ndiaGuadalupeGuamGuatemalaGuerneseyGuianaGuiana FrancesaGuin\u00e9Guin\u00e9 EquatorialGuin\u00e9-BissauHaitiHondurasHong KongHungriaI\u00e9menIlha BouvetIlha de ManIlha do NatalIlha Heard e Ilhas McDonaldIlha NorfolkIlhas Caim\u00e3oIlhas CookIlhas dos CocosIlhas FalklandIlhas Ge\u00f3rgia do Sul e Sandwich do SulIlhas MarshallIlhas Menores Distantes dos Estados UnidosIlhas PitcairnIlhas Salom\u00e3oIlhas Turcas e Caicos\u00cdndiaIndon\u00e9siaIr\u00e3oIraqueIrlandaIsl\u00e2ndiaIsraelIt\u00e1liaJamaicaJap\u00e3oJerseyJibutiJord\u00e2niaKoweitLaosLesotoLet\u00f3niaL\u00edbanoLib\u00e9riaL\u00edbiaListenstaineLitu\u00e2niaLuxemburgoMacauMadag\u00e1scarMaioteMal\u00e1siaMal\u00e1uiMaldivasMaliMaltaMarrocosMartinicaMaur\u00edciaMaurit\u00e2niaM\u00e9xicoMianmar\/Birm\u00e2niaMicron\u00e9siaMo\u00e7ambiqueMold\u00e1viaM\u00f3nacoMong\u00f3liaMonserrateMontenegroNam\u00edbiaNauruNepalNicar\u00e1guaN\u00edgerNig\u00e9riaNiu\u00eaNorth MacedoniaNoruegaNova Caled\u00f3niaNova Zel\u00e2ndiaOm\u00e3Pa\u00edses BaixosPanam\u00e1Papua-Nova Guin\u00e9Paquist\u00e3oParaguaiPeruPolin\u00e9sia FrancesaPol\u00f3niaPorto RicoPortugalQu\u00e9niaQuirguist\u00e3oQuirib\u00e1tiReino Unido (UK)Rep\u00fablica Centro-AfricanaRep\u00fablica DominicanaReuni\u00e3oRom\u00e9niaRuandaR\u00fassiaS&atilde;o Tom&eacute; e Pr&iacute;ncipeSalvadorSamoaSamoa AmericanaSanta HelenaSanta L\u00faciaS\u00e3o BartolomeuS\u00e3o Crist\u00f3v\u00e3o e NevesS\u00e3o MarinhoS\u00e3o MartinhoS\u00e3o Martinho (Antilhas Holandesas)S\u00e3o Pedro e Miquel\u00e3oS\u00e3o Vicente e GranadinasSara OcidentalSeichelesSenegalSerra LeoaS\u00e9rviaSingapuraS\u00edriaSom\u00e1liaSri LancaSud\u00e3oSud\u00e3o do SulSu\u00e9ciaSu\u00ed\u00e7aSurinameSvalbard e Jan MayenTail\u00e2ndiaTaiwanTajiquist\u00e3oTanz\u00e2niaTerras Austrais e Ant\u00e1rticas FrancesasTerrit\u00f3rio Brit\u00e2nico do Oceano \u00cdndicoTerrit\u00f3rio PalestinianoTimor-LesteTogoTongaToquelauTrindade e TobagoTun\u00edsiaT\u00fcrkiyeTurquemenist\u00e3oTuvaluUcr\u00e2niaUgandaUruguaiUsbequist\u00e3oVanuatuVaticanoVenezuelaVietnameVirgin Islands (British)Virgin Islands (US)Wallis e FutunaZ\u00e2mbiaZimbabu\u00e9 Distrito \/ Munic\u00edpio Seleccione uma op\u00e7\u00e3oA\u00e7oresAveiroBejaBragaBragan\u00e7aCastelo BrancoCoimbra\u00c9voraFaroGuardaLeiriaLisboaMadeiraPortalegrePortoSantar\u00e9mSet\u00fabalViana do CasteloVila RealViseu Cidade: C\u00f3digo postal: Update Total 15.00&euro; Avan\u00e7ar para Checkout Prosseguir para Checkout","og_url":"https:\/\/quintadolouroreal.com\/en\/cart-wooshop-v1\/","og_site_name":"quintadolouroreal.com","article_publisher":"https:\/\/www.facebook.com\/profile.php?id=61553635694507","article_modified_time":"2025-08-21T19:30:28+00:00","og_image":[{"url":"https:\/\/quintadolouroreal.com\/wp-content\/uploads\/2022\/06\/DSC08889_websize-200x200.jpg","type":"","width":"","height":""}],"twitter_card":"summary_large_image","twitter_misc":{"Est. reading time":"2 minutes"},"schema":{"@context":"https:\/\/schema.org","@graph":[{"@type":"WebPage","@id":"https:\/\/quintadolouroreal.com\/cart-wooshop-v1\/","url":"https:\/\/quintadolouroreal.com\/cart-wooshop-v1\/","name":"Cart - quintadolouroreal.com","isPartOf":{"@id":"https:\/\/quintadolouroreal.com\/#website"},"primaryImageOfPage":{"@id":"https:\/\/quintadolouroreal.com\/cart-wooshop-v1\/#primaryimage"},"image":{"@id":"https:\/\/quintadolouroreal.com\/cart-wooshop-v1\/#primaryimage"},"thumbnailUrl":"https:\/\/quintadolouroreal.com\/wp-content\/uploads\/2022\/06\/DSC08889_websize-200x200.jpg","datePublished":"2022-06-06T07:42:22+00:00","dateModified":"2025-08-21T19:30:28+00:00","breadcrumb":{"@id":"https:\/\/quintadolouroreal.com\/cart-wooshop-v1\/#breadcrumb"},"inLanguage":"en-US","potentialAction":[{"@type":"ReadAction","target":["https:\/\/quintadolouroreal.com\/cart-wooshop-v1\/"]}]},{"@type":"ImageObject","inLanguage":"en-US","@id":"https:\/\/quintadolouroreal.com\/cart-wooshop-v1\/#primaryimage","url":"https:\/\/quintadolouroreal.com\/wp-content\/uploads\/2022\/06\/DSC08889_websize-200x200.jpg","contentUrl":"https:\/\/quintadolouroreal.com\/wp-content\/uploads\/2022\/06\/DSC08889_websize-200x200.jpg"},{"@type":"BreadcrumbList","@id":"https:\/\/quintadolouroreal.com\/cart-wooshop-v1\/#breadcrumb","itemListElement":[{"@type":"ListItem","position":1,"name":"In\u00edcio","item":"https:\/\/quintadolouroreal.com\/"},{"@type":"ListItem","position":2,"name":"Cart"}]},{"@type":"WebSite","@id":"https:\/\/quintadolouroreal.com\/#website","url":"https:\/\/quintadolouroreal.com\/","name":"quintadolouroreal.com","description":"Onde a natureza n\u00e3o se apressa","publisher":{"@id":"https:\/\/quintadolouroreal.com\/#organization"},"alternateName":"Quinta do Louro Real","potentialAction":[{"@type":"SearchAction","target":{"@type":"EntryPoint","urlTemplate":"https:\/\/quintadolouroreal.com\/?s={search_term_string}"},"query-input":{"@type":"PropertyValueSpecification","valueRequired":true,"valueName":"search_term_string"}}],"inLanguage":"en-US"},{"@type":"Organization","@id":"https:\/\/quintadolouroreal.com\/#organization","name":"Quinta do Louro Real","url":"https:\/\/quintadolouroreal.com\/","logo":{"@type":"ImageObject","inLanguage":"en-US","@id":"https:\/\/quintadolouroreal.com\/#\/schema\/logo\/image\/","url":"https:\/\/quintadolouroreal.com\/wp-content\/uploads\/2025\/03\/QuintaLouroReal.png","contentUrl":"https:\/\/quintadolouroreal.com\/wp-content\/uploads\/2025\/03\/QuintaLouroReal.png","width":515,"height":512,"caption":"Quinta do Louro Real"},"image":{"@id":"https:\/\/quintadolouroreal.com\/#\/schema\/logo\/image\/"},"sameAs":["https:\/\/www.facebook.com\/profile.php?id=61553635694507","https:\/\/www.instagram.com\/quintadolouroreal\/"]}]}},"jetpack_sharing_enabled":true,"_links":{"self":[{"href":"https:\/\/quintadolouroreal.com\/en\/wp-json\/wp\/v2\/pages\/1678","targetHints":{"allow":["GET"]}}],"collection":[{"href":"https:\/\/quintadolouroreal.com\/en\/wp-json\/wp\/v2\/pages"}],"about":[{"href":"https:\/\/quintadolouroreal.com\/en\/wp-json\/wp\/v2\/types\/page"}],"author":[{"embeddable":true,"href":"https:\/\/quintadolouroreal.com\/en\/wp-json\/wp\/v2\/users\/2"}],"replies":[{"embeddable":true,"href":"https:\/\/quintadolouroreal.com\/en\/wp-json\/wp\/v2\/comments?post=1678"}],"version-history":[{"count":28,"href":"https:\/\/quintadolouroreal.com\/en\/wp-json\/wp\/v2\/pages\/1678\/revisions"}],"predecessor-version":[{"id":2508,"href":"https:\/\/quintadolouroreal.com\/en\/wp-json\/wp\/v2\/pages\/1678\/revisions\/2508"}],"wp:attachment":[{"href":"https:\/\/quintadolouroreal.com\/en\/wp-json\/wp\/v2\/media?parent=1678"}],"curies":[{"name":"wp","href":"https:\/\/api.w.org\/{rel}","templated":true}]}}